{"id":68356,"date":"2025-10-31T19:11:50","date_gmt":"2025-10-31T19:11:50","guid":{"rendered":"https:\/\/dev.promis.ro\/product\/baggy\/"},"modified":"2025-11-05T12:43:50","modified_gmt":"2025-11-05T12:43:50","slug":"baggy","status":"publish","type":"product","link":"https:\/\/promis.ro\/ro\/produs\/baggy\/","title":{"rendered":"BAGGY"},"content":{"rendered":"<p>Joc de aruncare cu saci de nisip pe ambele fe\u021be \u0219i joc de tic-tac-toe. Acest joc, cunoscut \u00een mod obi\u0219nuit sub numele de Cornhole, \u00ee\u0219i are originea \u00een America de Nord. Este jucat \u00een principal \u00een aer liber, dar poate fi jucat \u0219i \u00een interior dac\u0103 exist\u0103 suficient spa\u021biu. Tabla este u\u0219or \u00eenclinat\u0103 \u0219i are o gaur\u0103 \u00een ea. Scopul este de a arunca sacii mici \u00een aceast\u0103 gaur\u0103 de la distan\u021b\u0103. De fiecare dat\u0103 c\u00e2nd intr\u0103, ob\u021bii puncte. Persoana cu cele mai multe puncte la final sau prima care ajunge la o anumit\u0103 sum\u0103 de puncte c\u00e2\u0219tig\u0103. R\u0103stoarn\u0103 tabla pentru a juca un joc clasic de tic-tac-toe. Include tabl\u0103 din MDF \u0219i 8 saci de aruncare. FSC 100% | W15.2 | FSC-C213206<\/p>","protected":false},"excerpt":{"rendered":"<p>Set de joc din MDF pe ambele p\u0103r\u021bi<\/p>","protected":false},"featured_media":68349,"comment_status":"open","ping_status":"closed","template":"","meta":[],"product_brand":[],"product_cat":[182],"product_tag":[],"class_list":{"0":"post-68356","1":"product","2":"type-product","3":"status-publish","4":"has-post-thumbnail","6":"product_cat-copii","8":"first","9":"instock","10":"shipping-taxable","11":"purchasable","12":"product-type-simple"},"_links":{"self":[{"href":"https:\/\/promis.ro\/ro\/wp-json\/wp\/v2\/product\/68356","targetHints":{"allow":["GET"]}}],"collection":[{"href":"https:\/\/promis.ro\/ro\/wp-json\/wp\/v2\/product"}],"about":[{"href":"https:\/\/promis.ro\/ro\/wp-json\/wp\/v2\/types\/product"}],"replies":[{"embeddable":true,"href":"https:\/\/promis.ro\/ro\/wp-json\/wp\/v2\/comments?post=68356"}],"version-history":[{"count":1,"href":"https:\/\/promis.ro\/ro\/wp-json\/wp\/v2\/product\/68356\/revisions"}],"predecessor-version":[{"id":108842,"href":"https:\/\/promis.ro\/ro\/wp-json\/wp\/v2\/product\/68356\/revisions\/108842"}],"wp:featuredmedia":[{"embeddable":true,"href":"https:\/\/promis.ro\/ro\/wp-json\/wp\/v2\/media\/68349"}],"wp:attachment":[{"href":"https:\/\/promis.ro\/ro\/wp-json\/wp\/v2\/media?parent=68356"}],"wp:term":[{"taxonomy":"product_brand","embeddable":true,"href":"https:\/\/promis.ro\/ro\/wp-json\/wp\/v2\/product_brand?post=68356"},{"taxonomy":"product_cat","embeddable":true,"href":"https:\/\/promis.ro\/ro\/wp-json\/wp\/v2\/product_cat?post=68356"},{"taxonomy":"product_tag","embeddable":true,"href":"https:\/\/promis.ro\/ro\/wp-json\/wp\/v2\/product_tag?post=68356"}],"curies":[{"name":"wp","href":"https:\/\/api.w.org\/{rel}","templated":true}]}}