{"id":68365,"date":"2025-10-31T19:11:55","date_gmt":"2025-10-31T19:11:55","guid":{"rendered":"https:\/\/dev.promis.ro\/product\/rugli\/"},"modified":"2025-11-05T12:43:12","modified_gmt":"2025-11-05T12:43:12","slug":"rugli","status":"publish","type":"product","link":"https:\/\/promis.ro\/ro\/produs\/rugli\/","title":{"rendered":"RUGLI"},"content":{"rendered":"<p>Difuzor wireless 5.3 cu capac din bambus \u0219i ABS \u00een partea de sus, cu curea din PU. 1 baterie re\u00eenc\u0103rcabil\u0103 Li-Ion 300 mAh. Date de ie\u0219ire: 3W, 4 Ohm. Timp de redare aproximativ 2h. Bambusul este un produs natural, pot exista varia\u021bii u\u0219oare \u00een culoare \u0219i dimensiune per articol, ceea ce poate afecta rezultatul final al decor\u0103rii.<\/p>","protected":false},"excerpt":{"rendered":"<p>5.3 difuzor wireless din bambus<\/p>","protected":false},"featured_media":68357,"comment_status":"open","ping_status":"closed","template":"","meta":[],"product_brand":[],"product_cat":[170],"product_tag":[],"class_list":{"0":"post-68365","1":"product","2":"type-product","3":"status-publish","4":"has-post-thumbnail","6":"product_cat-tehnologie-si-accesorii","8":"first","9":"outofstock","10":"shipping-taxable","11":"purchasable","12":"product-type-simple"},"_links":{"self":[{"href":"https:\/\/promis.ro\/ro\/wp-json\/wp\/v2\/product\/68365","targetHints":{"allow":["GET"]}}],"collection":[{"href":"https:\/\/promis.ro\/ro\/wp-json\/wp\/v2\/product"}],"about":[{"href":"https:\/\/promis.ro\/ro\/wp-json\/wp\/v2\/types\/product"}],"replies":[{"embeddable":true,"href":"https:\/\/promis.ro\/ro\/wp-json\/wp\/v2\/comments?post=68365"}],"version-history":[{"count":1,"href":"https:\/\/promis.ro\/ro\/wp-json\/wp\/v2\/product\/68365\/revisions"}],"predecessor-version":[{"id":108824,"href":"https:\/\/promis.ro\/ro\/wp-json\/wp\/v2\/product\/68365\/revisions\/108824"}],"wp:featuredmedia":[{"embeddable":true,"href":"https:\/\/promis.ro\/ro\/wp-json\/wp\/v2\/media\/68357"}],"wp:attachment":[{"href":"https:\/\/promis.ro\/ro\/wp-json\/wp\/v2\/media?parent=68365"}],"wp:term":[{"taxonomy":"product_brand","embeddable":true,"href":"https:\/\/promis.ro\/ro\/wp-json\/wp\/v2\/product_brand?post=68365"},{"taxonomy":"product_cat","embeddable":true,"href":"https:\/\/promis.ro\/ro\/wp-json\/wp\/v2\/product_cat?post=68365"},{"taxonomy":"product_tag","embeddable":true,"href":"https:\/\/promis.ro\/ro\/wp-json\/wp\/v2\/product_tag?post=68365"}],"curies":[{"name":"wp","href":"https:\/\/api.w.org\/{rel}","templated":true}]}}