{"id":68373,"date":"2025-10-31T19:11:59","date_gmt":"2025-10-31T19:11:59","guid":{"rendered":"https:\/\/dev.promis.ro\/product\/rongo\/"},"modified":"2025-11-05T12:42:45","modified_gmt":"2025-11-05T12:42:45","slug":"rongo","status":"publish","type":"product","link":"https:\/\/promis.ro\/ro\/produs\/rongo\/","title":{"rendered":"RONGO"},"content":{"rendered":"<p>Sticl\u0103 conic\u0103 reutilizabil\u0103. Capacitate: 300 ml.<\/p>","protected":false},"excerpt":{"rendered":"<p>Sticl\u0103 conic\u0103 300ml<\/p>","protected":false},"featured_media":68366,"comment_status":"open","ping_status":"closed","template":"","meta":[],"product_brand":[],"product_cat":[172],"product_tag":[],"class_list":{"0":"post-68373","1":"product","2":"type-product","3":"status-publish","4":"has-post-thumbnail","6":"product_cat-cani-borcane-si-thermosuri","8":"first","9":"instock","10":"shipping-taxable","11":"purchasable","12":"product-type-simple"},"_links":{"self":[{"href":"https:\/\/promis.ro\/ro\/wp-json\/wp\/v2\/product\/68373","targetHints":{"allow":["GET"]}}],"collection":[{"href":"https:\/\/promis.ro\/ro\/wp-json\/wp\/v2\/product"}],"about":[{"href":"https:\/\/promis.ro\/ro\/wp-json\/wp\/v2\/types\/product"}],"replies":[{"embeddable":true,"href":"https:\/\/promis.ro\/ro\/wp-json\/wp\/v2\/comments?post=68373"}],"version-history":[{"count":1,"href":"https:\/\/promis.ro\/ro\/wp-json\/wp\/v2\/product\/68373\/revisions"}],"predecessor-version":[{"id":108811,"href":"https:\/\/promis.ro\/ro\/wp-json\/wp\/v2\/product\/68373\/revisions\/108811"}],"wp:featuredmedia":[{"embeddable":true,"href":"https:\/\/promis.ro\/ro\/wp-json\/wp\/v2\/media\/68366"}],"wp:attachment":[{"href":"https:\/\/promis.ro\/ro\/wp-json\/wp\/v2\/media?parent=68373"}],"wp:term":[{"taxonomy":"product_brand","embeddable":true,"href":"https:\/\/promis.ro\/ro\/wp-json\/wp\/v2\/product_brand?post=68373"},{"taxonomy":"product_cat","embeddable":true,"href":"https:\/\/promis.ro\/ro\/wp-json\/wp\/v2\/product_cat?post=68373"},{"taxonomy":"product_tag","embeddable":true,"href":"https:\/\/promis.ro\/ro\/wp-json\/wp\/v2\/product_tag?post=68373"}],"curies":[{"name":"wp","href":"https:\/\/api.w.org\/{rel}","templated":true}]}}