{"id":68419,"date":"2025-10-31T19:12:24","date_gmt":"2025-10-31T19:12:24","guid":{"rendered":"https:\/\/dev.promis.ro\/product\/bicca-cap\/"},"modified":"2025-11-05T12:43:01","modified_gmt":"2025-11-05T12:43:01","slug":"bicca-cap","status":"publish","type":"product","link":"https:\/\/promis.ro\/ro\/produs\/bicca-cap\/","title":{"rendered":"BICCA CAP"},"content":{"rendered":"<p>\u0218apc\u0103 de baseball cu 5 panouri din bumbac organic periat de 250 gr\/m\u00b2, cu \u00eenchidere la spate cu cataram\u0103 metalic\u0103 ajustabil\u0103.<\/p>","protected":false},"excerpt":{"rendered":"<p>P\u0103l\u0103rie de baseball din bumbac organic<\/p>","protected":false},"featured_media":68380,"comment_status":"open","ping_status":"closed","template":"","meta":[],"product_brand":[],"product_cat":[186],"product_tag":[],"class_list":{"0":"post-68419","1":"product","2":"type-product","3":"status-publish","4":"has-post-thumbnail","6":"product_cat-sepci-si-palarii","8":"first","9":"instock","10":"shipping-taxable","11":"purchasable","12":"product-type-variable"},"_links":{"self":[{"href":"https:\/\/promis.ro\/ro\/wp-json\/wp\/v2\/product\/68419","targetHints":{"allow":["GET"]}}],"collection":[{"href":"https:\/\/promis.ro\/ro\/wp-json\/wp\/v2\/product"}],"about":[{"href":"https:\/\/promis.ro\/ro\/wp-json\/wp\/v2\/types\/product"}],"replies":[{"embeddable":true,"href":"https:\/\/promis.ro\/ro\/wp-json\/wp\/v2\/comments?post=68419"}],"version-history":[{"count":1,"href":"https:\/\/promis.ro\/ro\/wp-json\/wp\/v2\/product\/68419\/revisions"}],"predecessor-version":[{"id":108819,"href":"https:\/\/promis.ro\/ro\/wp-json\/wp\/v2\/product\/68419\/revisions\/108819"}],"wp:featuredmedia":[{"embeddable":true,"href":"https:\/\/promis.ro\/ro\/wp-json\/wp\/v2\/media\/68380"}],"wp:attachment":[{"href":"https:\/\/promis.ro\/ro\/wp-json\/wp\/v2\/media?parent=68419"}],"wp:term":[{"taxonomy":"product_brand","embeddable":true,"href":"https:\/\/promis.ro\/ro\/wp-json\/wp\/v2\/product_brand?post=68419"},{"taxonomy":"product_cat","embeddable":true,"href":"https:\/\/promis.ro\/ro\/wp-json\/wp\/v2\/product_cat?post=68419"},{"taxonomy":"product_tag","embeddable":true,"href":"https:\/\/promis.ro\/ro\/wp-json\/wp\/v2\/product_tag?post=68419"}],"curies":[{"name":"wp","href":"https:\/\/api.w.org\/{rel}","templated":true}]}}