{"id":69729,"date":"2025-10-31T19:23:39","date_gmt":"2025-10-31T19:23:39","guid":{"rendered":"https:\/\/dev.promis.ro\/product\/stukie\/"},"modified":"2025-11-05T12:46:54","modified_gmt":"2025-11-05T12:46:54","slug":"stukie","status":"publish","type":"product","link":"https:\/\/promis.ro\/ro\/produs\/stukie\/","title":{"rendered":"STUKIE"},"content":{"rendered":"<p>Puzzle \u0219i joc de inteligen\u021b\u0103 din lemn de pin, 24 de piese. Prezentat \u00eentr-un sac din bumbac. R\u0103m\u00e2ne\u021bi distra\u021bi \u0219i men\u021bine\u021bi-v\u0103 creierul ocupat timp de mai multe ore cu acest puzzle intrigant. Certificat FSC\u00ae | FSC 100%, W15.2, FSC-C213206<\/p>","protected":false},"excerpt":{"rendered":"<p>Puzzle din lemn\/teaser pentru creier<\/p>","protected":false},"featured_media":69722,"comment_status":"open","ping_status":"closed","template":"","meta":[],"product_brand":[],"product_cat":[182],"product_tag":[],"class_list":{"0":"post-69729","1":"product","2":"type-product","3":"status-publish","4":"has-post-thumbnail","6":"product_cat-copii","8":"first","9":"instock","10":"shipping-taxable","11":"purchasable","12":"product-type-simple"},"yoast_head":"<!-- This site is optimized with the Yoast SEO plugin v27.4 - https:\/\/yoast.com\/product\/yoast-seo-wordpress\/ -->\n<title>STUKIE - Promis.ro<\/title>\n<meta name=\"description\" content=\"Puzzle din lemn\/teaser pentru creier\" \/>\n<meta name=\"robots\" content=\"index, follow, max-snippet:-1, max-image-preview:large, max-video-preview:-1\" \/>\n<link rel=\"canonical\" href=\"https:\/\/promis.ro\/ro\/produs\/stukie\/\" \/>\n<meta property=\"og:locale\" content=\"ro_RO\" \/>\n<meta property=\"og:type\" content=\"article\" \/>\n<meta property=\"og:title\" content=\"STUKIE - Promis.ro\" \/>\n<meta property=\"og:description\" content=\"Puzzle din lemn\/teaser pentru creier\" \/>\n<meta property=\"og:url\" content=\"https:\/\/promis.ro\/ro\/produs\/stukie\/\" \/>\n<meta property=\"og:site_name\" content=\"Promis.ro\" \/>\n<meta property=\"article:modified_time\" content=\"2025-11-05T12:46:54+00:00\" \/>\n<meta property=\"og:image\" content=\"https:\/\/promis.ro\/wp-content\/uploads\/2025\/10\/mo6631-40.jpg\" \/>\n\t<meta property=\"og:image:width\" content=\"700\" \/>\n\t<meta property=\"og:image:height\" content=\"700\" \/>\n\t<meta property=\"og:image:type\" content=\"image\/jpeg\" \/>\n<meta name=\"twitter:card\" content=\"summary_large_image\" \/>\n<script type=\"application\/ld+json\" class=\"yoast-schema-graph\">{\"@context\":\"https:\\\/\\\/schema.org\",\"@graph\":[{\"@type\":\"WebPage\",\"@id\":\"https:\\\/\\\/promis.ro\\\/product\\\/stukie\\\/\",\"url\":\"https:\\\/\\\/promis.ro\\\/product\\\/stukie\\\/\",\"name\":\"STUKIE - Promis.ro\",\"isPartOf\":{\"@id\":\"https:\\\/\\\/promis.ro\\\/#website\"},\"primaryImageOfPage\":{\"@id\":\"https:\\\/\\\/promis.ro\\\/product\\\/stukie\\\/#primaryimage\"},\"image\":{\"@id\":\"https:\\\/\\\/promis.ro\\\/product\\\/stukie\\\/#primaryimage\"},\"thumbnailUrl\":\"https:\\\/\\\/promis.ro\\\/wp-content\\\/uploads\\\/2025\\\/10\\\/mo6631-40.jpg\",\"datePublished\":\"2025-10-31T19:23:39+00:00\",\"dateModified\":\"2025-11-05T12:46:54+00:00\",\"description\":\"Puzzle din lemn\\\/teaser pentru creier\",\"breadcrumb\":{\"@id\":\"https:\\\/\\\/promis.ro\\\/product\\\/stukie\\\/#breadcrumb\"},\"inLanguage\":\"ro-RO\",\"potentialAction\":[{\"@type\":\"ReadAction\",\"target\":[\"https:\\\/\\\/promis.ro\\\/product\\\/stukie\\\/\"]}]},{\"@type\":\"ImageObject\",\"inLanguage\":\"ro-RO\",\"@id\":\"https:\\\/\\\/promis.ro\\\/product\\\/stukie\\\/#primaryimage\",\"url\":\"https:\\\/\\\/promis.ro\\\/wp-content\\\/uploads\\\/2025\\\/10\\\/mo6631-40.jpg\",\"contentUrl\":\"https:\\\/\\\/promis.ro\\\/wp-content\\\/uploads\\\/2025\\\/10\\\/mo6631-40.jpg\",\"width\":700,\"height\":700},{\"@type\":\"BreadcrumbList\",\"@id\":\"https:\\\/\\\/promis.ro\\\/product\\\/stukie\\\/#breadcrumb\",\"itemListElement\":[{\"@type\":\"ListItem\",\"position\":1,\"name\":\"Home\",\"item\":\"https:\\\/\\\/promis.ro\\\/\"},{\"@type\":\"ListItem\",\"position\":2,\"name\":\"Magazin\",\"item\":\"https:\\\/\\\/promis.ro\\\/magazin\\\/\"},{\"@type\":\"ListItem\",\"position\":3,\"name\":\"STUKIE\"}]},{\"@type\":\"WebSite\",\"@id\":\"https:\\\/\\\/promis.ro\\\/#website\",\"url\":\"https:\\\/\\\/promis.ro\\\/\",\"name\":\"Promis.ro\",\"description\":\"\",\"potentialAction\":[{\"@type\":\"SearchAction\",\"target\":{\"@type\":\"EntryPoint\",\"urlTemplate\":\"https:\\\/\\\/promis.ro\\\/?s={search_term_string}\"},\"query-input\":{\"@type\":\"PropertyValueSpecification\",\"valueRequired\":true,\"valueName\":\"search_term_string\"}}],\"inLanguage\":\"ro-RO\"}]}<\/script>\n<!-- \/ Yoast SEO plugin. -->","yoast_head_json":{"title":"STUKIE - Promis.ro","description":"Puzzle din lemn\/teaser pentru creier","robots":{"index":"index","follow":"follow","max-snippet":"max-snippet:-1","max-image-preview":"max-image-preview:large","max-video-preview":"max-video-preview:-1"},"canonical":"https:\/\/promis.ro\/ro\/produs\/stukie\/","og_locale":"ro_RO","og_type":"article","og_title":"STUKIE - Promis.ro","og_description":"Puzzle din lemn\/teaser pentru creier","og_url":"https:\/\/promis.ro\/ro\/produs\/stukie\/","og_site_name":"Promis.ro","article_modified_time":"2025-11-05T12:46:54+00:00","og_image":[{"width":700,"height":700,"url":"https:\/\/promis.ro\/wp-content\/uploads\/2025\/10\/mo6631-40.jpg","type":"image\/jpeg"}],"twitter_card":"summary_large_image","schema":{"@context":"https:\/\/schema.org","@graph":[{"@type":"WebPage","@id":"https:\/\/promis.ro\/product\/stukie\/","url":"https:\/\/promis.ro\/product\/stukie\/","name":"STUKIE - Promis.ro","isPartOf":{"@id":"https:\/\/promis.ro\/#website"},"primaryImageOfPage":{"@id":"https:\/\/promis.ro\/product\/stukie\/#primaryimage"},"image":{"@id":"https:\/\/promis.ro\/product\/stukie\/#primaryimage"},"thumbnailUrl":"https:\/\/promis.ro\/wp-content\/uploads\/2025\/10\/mo6631-40.jpg","datePublished":"2025-10-31T19:23:39+00:00","dateModified":"2025-11-05T12:46:54+00:00","description":"Puzzle din lemn\/teaser pentru creier","breadcrumb":{"@id":"https:\/\/promis.ro\/product\/stukie\/#breadcrumb"},"inLanguage":"ro-RO","potentialAction":[{"@type":"ReadAction","target":["https:\/\/promis.ro\/product\/stukie\/"]}]},{"@type":"ImageObject","inLanguage":"ro-RO","@id":"https:\/\/promis.ro\/product\/stukie\/#primaryimage","url":"https:\/\/promis.ro\/wp-content\/uploads\/2025\/10\/mo6631-40.jpg","contentUrl":"https:\/\/promis.ro\/wp-content\/uploads\/2025\/10\/mo6631-40.jpg","width":700,"height":700},{"@type":"BreadcrumbList","@id":"https:\/\/promis.ro\/product\/stukie\/#breadcrumb","itemListElement":[{"@type":"ListItem","position":1,"name":"Home","item":"https:\/\/promis.ro\/"},{"@type":"ListItem","position":2,"name":"Magazin","item":"https:\/\/promis.ro\/magazin\/"},{"@type":"ListItem","position":3,"name":"STUKIE"}]},{"@type":"WebSite","@id":"https:\/\/promis.ro\/#website","url":"https:\/\/promis.ro\/","name":"Promis.ro","description":"","potentialAction":[{"@type":"SearchAction","target":{"@type":"EntryPoint","urlTemplate":"https:\/\/promis.ro\/?s={search_term_string}"},"query-input":{"@type":"PropertyValueSpecification","valueRequired":true,"valueName":"search_term_string"}}],"inLanguage":"ro-RO"}]}},"_links":{"self":[{"href":"https:\/\/promis.ro\/ro\/wp-json\/wp\/v2\/product\/69729","targetHints":{"allow":["GET"]}}],"collection":[{"href":"https:\/\/promis.ro\/ro\/wp-json\/wp\/v2\/product"}],"about":[{"href":"https:\/\/promis.ro\/ro\/wp-json\/wp\/v2\/types\/product"}],"replies":[{"embeddable":true,"href":"https:\/\/promis.ro\/ro\/wp-json\/wp\/v2\/comments?post=69729"}],"version-history":[{"count":1,"href":"https:\/\/promis.ro\/ro\/wp-json\/wp\/v2\/product\/69729\/revisions"}],"predecessor-version":[{"id":108931,"href":"https:\/\/promis.ro\/ro\/wp-json\/wp\/v2\/product\/69729\/revisions\/108931"}],"wp:featuredmedia":[{"embeddable":true,"href":"https:\/\/promis.ro\/ro\/wp-json\/wp\/v2\/media\/69722"}],"wp:attachment":[{"href":"https:\/\/promis.ro\/ro\/wp-json\/wp\/v2\/media?parent=69729"}],"wp:term":[{"taxonomy":"product_brand","embeddable":true,"href":"https:\/\/promis.ro\/ro\/wp-json\/wp\/v2\/product_brand?post=69729"},{"taxonomy":"product_cat","embeddable":true,"href":"https:\/\/promis.ro\/ro\/wp-json\/wp\/v2\/product_cat?post=69729"},{"taxonomy":"product_tag","embeddable":true,"href":"https:\/\/promis.ro\/ro\/wp-json\/wp\/v2\/product_tag?post=69729"}],"curies":[{"name":"wp","href":"https:\/\/api.w.org\/{rel}","templated":true}]}}