{"id":73048,"date":"2025-10-31T19:51:04","date_gmt":"2025-10-31T19:51:04","guid":{"rendered":"https:\/\/dev.promis.ro\/product\/charge-up\/"},"modified":"2025-11-05T12:55:51","modified_gmt":"2025-11-05T12:55:51","slug":"charge-up","status":"publish","type":"product","link":"https:\/\/promis.ro\/ro\/produs\/charge-up\/","title":{"rendered":"CHARGE UP"},"content":{"rendered":"<p>\u00cenc\u0103rc\u0103tor wireless magnetic (15W), power bank (10000 mAh) din ABS \u0219i func\u021bionalitate de suport pentru telefon magnetic. Intrare: micro B, Type-C. Ie\u0219ire 2x USB-A In\/ Type-C\/ DC 9V\/1.66A (15W) ideal pentru \u00eenc\u0103rcare rapid\u0103. Include inel metalic magnetic suplimentar pentru a sus\u021bine ch<\/p>","protected":false},"excerpt":{"rendered":"<p>\u00cenc\u0103rc\u0103tor wireless magnetic 15W<\/p>","protected":false},"featured_media":73039,"comment_status":"open","ping_status":"closed","template":"","meta":[],"product_brand":[],"product_cat":[170],"product_tag":[],"class_list":{"0":"post-73048","1":"product","2":"type-product","3":"status-publish","4":"has-post-thumbnail","6":"product_cat-tehnologie-si-accesorii","8":"first","9":"instock","10":"shipping-taxable","11":"purchasable","12":"product-type-simple"},"yoast_head":"<!-- This site is optimized with the Yoast SEO plugin v27.4 - https:\/\/yoast.com\/product\/yoast-seo-wordpress\/ -->\n<title>CHARGE UP - Promis.ro<\/title>\n<meta name=\"description\" content=\"\u00cenc\u0103rc\u0103tor wireless magnetic 15W\" \/>\n<meta name=\"robots\" content=\"index, follow, max-snippet:-1, max-image-preview:large, max-video-preview:-1\" \/>\n<link rel=\"canonical\" href=\"https:\/\/promis.ro\/ro\/produs\/charge-up\/\" \/>\n<meta property=\"og:locale\" content=\"ro_RO\" \/>\n<meta property=\"og:type\" content=\"article\" \/>\n<meta property=\"og:title\" content=\"CHARGE UP - Promis.ro\" \/>\n<meta property=\"og:description\" content=\"\u00cenc\u0103rc\u0103tor wireless magnetic 15W\" \/>\n<meta property=\"og:url\" content=\"https:\/\/promis.ro\/ro\/produs\/charge-up\/\" \/>\n<meta property=\"og:site_name\" content=\"Promis.ro\" \/>\n<meta property=\"article:modified_time\" content=\"2025-11-05T12:55:51+00:00\" \/>\n<meta property=\"og:image\" content=\"https:\/\/promis.ro\/wp-content\/uploads\/2025\/10\/mo6947-03.jpg\" \/>\n\t<meta property=\"og:image:width\" content=\"700\" \/>\n\t<meta property=\"og:image:height\" content=\"700\" \/>\n\t<meta property=\"og:image:type\" content=\"image\/jpeg\" \/>\n<meta name=\"twitter:card\" content=\"summary_large_image\" \/>\n<script type=\"application\/ld+json\" class=\"yoast-schema-graph\">{\"@context\":\"https:\\\/\\\/schema.org\",\"@graph\":[{\"@type\":\"WebPage\",\"@id\":\"https:\\\/\\\/promis.ro\\\/product\\\/charge-up\\\/\",\"url\":\"https:\\\/\\\/promis.ro\\\/product\\\/charge-up\\\/\",\"name\":\"CHARGE UP - Promis.ro\",\"isPartOf\":{\"@id\":\"https:\\\/\\\/promis.ro\\\/#website\"},\"primaryImageOfPage\":{\"@id\":\"https:\\\/\\\/promis.ro\\\/product\\\/charge-up\\\/#primaryimage\"},\"image\":{\"@id\":\"https:\\\/\\\/promis.ro\\\/product\\\/charge-up\\\/#primaryimage\"},\"thumbnailUrl\":\"https:\\\/\\\/promis.ro\\\/wp-content\\\/uploads\\\/2025\\\/10\\\/mo6947-03.jpg\",\"datePublished\":\"2025-10-31T19:51:04+00:00\",\"dateModified\":\"2025-11-05T12:55:51+00:00\",\"description\":\"\u00cenc\u0103rc\u0103tor wireless magnetic 15W\",\"breadcrumb\":{\"@id\":\"https:\\\/\\\/promis.ro\\\/product\\\/charge-up\\\/#breadcrumb\"},\"inLanguage\":\"ro-RO\",\"potentialAction\":[{\"@type\":\"ReadAction\",\"target\":[\"https:\\\/\\\/promis.ro\\\/product\\\/charge-up\\\/\"]}]},{\"@type\":\"ImageObject\",\"inLanguage\":\"ro-RO\",\"@id\":\"https:\\\/\\\/promis.ro\\\/product\\\/charge-up\\\/#primaryimage\",\"url\":\"https:\\\/\\\/promis.ro\\\/wp-content\\\/uploads\\\/2025\\\/10\\\/mo6947-03.jpg\",\"contentUrl\":\"https:\\\/\\\/promis.ro\\\/wp-content\\\/uploads\\\/2025\\\/10\\\/mo6947-03.jpg\",\"width\":700,\"height\":700},{\"@type\":\"BreadcrumbList\",\"@id\":\"https:\\\/\\\/promis.ro\\\/product\\\/charge-up\\\/#breadcrumb\",\"itemListElement\":[{\"@type\":\"ListItem\",\"position\":1,\"name\":\"Home\",\"item\":\"https:\\\/\\\/promis.ro\\\/\"},{\"@type\":\"ListItem\",\"position\":2,\"name\":\"Magazin\",\"item\":\"https:\\\/\\\/promis.ro\\\/magazin\\\/\"},{\"@type\":\"ListItem\",\"position\":3,\"name\":\"CHARGE UP\"}]},{\"@type\":\"WebSite\",\"@id\":\"https:\\\/\\\/promis.ro\\\/#website\",\"url\":\"https:\\\/\\\/promis.ro\\\/\",\"name\":\"Promis.ro\",\"description\":\"\",\"potentialAction\":[{\"@type\":\"SearchAction\",\"target\":{\"@type\":\"EntryPoint\",\"urlTemplate\":\"https:\\\/\\\/promis.ro\\\/?s={search_term_string}\"},\"query-input\":{\"@type\":\"PropertyValueSpecification\",\"valueRequired\":true,\"valueName\":\"search_term_string\"}}],\"inLanguage\":\"ro-RO\"}]}<\/script>\n<!-- \/ Yoast SEO plugin. -->","yoast_head_json":{"title":"CHARGE UP - Promis.ro","description":"\u00cenc\u0103rc\u0103tor wireless magnetic 15W","robots":{"index":"index","follow":"follow","max-snippet":"max-snippet:-1","max-image-preview":"max-image-preview:large","max-video-preview":"max-video-preview:-1"},"canonical":"https:\/\/promis.ro\/ro\/produs\/charge-up\/","og_locale":"ro_RO","og_type":"article","og_title":"CHARGE UP - Promis.ro","og_description":"\u00cenc\u0103rc\u0103tor wireless magnetic 15W","og_url":"https:\/\/promis.ro\/ro\/produs\/charge-up\/","og_site_name":"Promis.ro","article_modified_time":"2025-11-05T12:55:51+00:00","og_image":[{"width":700,"height":700,"url":"https:\/\/promis.ro\/wp-content\/uploads\/2025\/10\/mo6947-03.jpg","type":"image\/jpeg"}],"twitter_card":"summary_large_image","schema":{"@context":"https:\/\/schema.org","@graph":[{"@type":"WebPage","@id":"https:\/\/promis.ro\/product\/charge-up\/","url":"https:\/\/promis.ro\/product\/charge-up\/","name":"CHARGE UP - Promis.ro","isPartOf":{"@id":"https:\/\/promis.ro\/#website"},"primaryImageOfPage":{"@id":"https:\/\/promis.ro\/product\/charge-up\/#primaryimage"},"image":{"@id":"https:\/\/promis.ro\/product\/charge-up\/#primaryimage"},"thumbnailUrl":"https:\/\/promis.ro\/wp-content\/uploads\/2025\/10\/mo6947-03.jpg","datePublished":"2025-10-31T19:51:04+00:00","dateModified":"2025-11-05T12:55:51+00:00","description":"\u00cenc\u0103rc\u0103tor wireless magnetic 15W","breadcrumb":{"@id":"https:\/\/promis.ro\/product\/charge-up\/#breadcrumb"},"inLanguage":"ro-RO","potentialAction":[{"@type":"ReadAction","target":["https:\/\/promis.ro\/product\/charge-up\/"]}]},{"@type":"ImageObject","inLanguage":"ro-RO","@id":"https:\/\/promis.ro\/product\/charge-up\/#primaryimage","url":"https:\/\/promis.ro\/wp-content\/uploads\/2025\/10\/mo6947-03.jpg","contentUrl":"https:\/\/promis.ro\/wp-content\/uploads\/2025\/10\/mo6947-03.jpg","width":700,"height":700},{"@type":"BreadcrumbList","@id":"https:\/\/promis.ro\/product\/charge-up\/#breadcrumb","itemListElement":[{"@type":"ListItem","position":1,"name":"Home","item":"https:\/\/promis.ro\/"},{"@type":"ListItem","position":2,"name":"Magazin","item":"https:\/\/promis.ro\/magazin\/"},{"@type":"ListItem","position":3,"name":"CHARGE UP"}]},{"@type":"WebSite","@id":"https:\/\/promis.ro\/#website","url":"https:\/\/promis.ro\/","name":"Promis.ro","description":"","potentialAction":[{"@type":"SearchAction","target":{"@type":"EntryPoint","urlTemplate":"https:\/\/promis.ro\/?s={search_term_string}"},"query-input":{"@type":"PropertyValueSpecification","valueRequired":true,"valueName":"search_term_string"}}],"inLanguage":"ro-RO"}]}},"_links":{"self":[{"href":"https:\/\/promis.ro\/ro\/wp-json\/wp\/v2\/product\/73048","targetHints":{"allow":["GET"]}}],"collection":[{"href":"https:\/\/promis.ro\/ro\/wp-json\/wp\/v2\/product"}],"about":[{"href":"https:\/\/promis.ro\/ro\/wp-json\/wp\/v2\/types\/product"}],"replies":[{"embeddable":true,"href":"https:\/\/promis.ro\/ro\/wp-json\/wp\/v2\/comments?post=73048"}],"version-history":[{"count":1,"href":"https:\/\/promis.ro\/ro\/wp-json\/wp\/v2\/product\/73048\/revisions"}],"predecessor-version":[{"id":109183,"href":"https:\/\/promis.ro\/ro\/wp-json\/wp\/v2\/product\/73048\/revisions\/109183"}],"wp:featuredmedia":[{"embeddable":true,"href":"https:\/\/promis.ro\/ro\/wp-json\/wp\/v2\/media\/73039"}],"wp:attachment":[{"href":"https:\/\/promis.ro\/ro\/wp-json\/wp\/v2\/media?parent=73048"}],"wp:term":[{"taxonomy":"product_brand","embeddable":true,"href":"https:\/\/promis.ro\/ro\/wp-json\/wp\/v2\/product_brand?post=73048"},{"taxonomy":"product_cat","embeddable":true,"href":"https:\/\/promis.ro\/ro\/wp-json\/wp\/v2\/product_cat?post=73048"},{"taxonomy":"product_tag","embeddable":true,"href":"https:\/\/promis.ro\/ro\/wp-json\/wp\/v2\/product_tag?post=73048"}],"curies":[{"name":"wp","href":"https:\/\/api.w.org\/{rel}","templated":true}]}}