{"id":74207,"date":"2025-10-31T20:00:49","date_gmt":"2025-10-31T20:00:49","guid":{"rendered":"https:\/\/dev.promis.ro\/product\/idea\/"},"modified":"2025-11-05T12:59:37","modified_gmt":"2025-11-05T12:59:37","slug":"idea","status":"publish","type":"product","link":"https:\/\/promis.ro\/ro\/produs\/idea\/","title":{"rendered":"IDEA"},"content":{"rendered":"<p>Marcaj de carte \u00een form\u0103 de bec din carton reciclat. Bloc de noti\u021be autocolante cu 2 piese. Blocuri de noti\u021be autocolante din h\u00e2rtie reciclat\u0103 galben\u0103 medie \u0219i 5 marcatoare de pagin\u0103 \u00een culori assortite. Rigl\u0103 de 13 cm.<\/p>","protected":false},"excerpt":{"rendered":"<p>Marcaj cu bloc de note autoadeziv<\/p>","protected":false},"featured_media":74201,"comment_status":"open","ping_status":"closed","template":"","meta":[],"product_brand":[],"product_cat":[171],"product_tag":[],"class_list":{"0":"post-74207","1":"product","2":"type-product","3":"status-publish","4":"has-post-thumbnail","6":"product_cat-birou-si-business","8":"first","9":"instock","10":"shipping-taxable","11":"purchasable","12":"product-type-simple"},"_links":{"self":[{"href":"https:\/\/promis.ro\/ro\/wp-json\/wp\/v2\/product\/74207","targetHints":{"allow":["GET"]}}],"collection":[{"href":"https:\/\/promis.ro\/ro\/wp-json\/wp\/v2\/product"}],"about":[{"href":"https:\/\/promis.ro\/ro\/wp-json\/wp\/v2\/types\/product"}],"replies":[{"embeddable":true,"href":"https:\/\/promis.ro\/ro\/wp-json\/wp\/v2\/comments?post=74207"}],"version-history":[{"count":1,"href":"https:\/\/promis.ro\/ro\/wp-json\/wp\/v2\/product\/74207\/revisions"}],"predecessor-version":[{"id":109290,"href":"https:\/\/promis.ro\/ro\/wp-json\/wp\/v2\/product\/74207\/revisions\/109290"}],"wp:featuredmedia":[{"embeddable":true,"href":"https:\/\/promis.ro\/ro\/wp-json\/wp\/v2\/media\/74201"}],"wp:attachment":[{"href":"https:\/\/promis.ro\/ro\/wp-json\/wp\/v2\/media?parent=74207"}],"wp:term":[{"taxonomy":"product_brand","embeddable":true,"href":"https:\/\/promis.ro\/ro\/wp-json\/wp\/v2\/product_brand?post=74207"},{"taxonomy":"product_cat","embeddable":true,"href":"https:\/\/promis.ro\/ro\/wp-json\/wp\/v2\/product_cat?post=74207"},{"taxonomy":"product_tag","embeddable":true,"href":"https:\/\/promis.ro\/ro\/wp-json\/wp\/v2\/product_tag?post=74207"}],"curies":[{"name":"wp","href":"https:\/\/api.w.org\/{rel}","templated":true}]}}