{"id":74631,"date":"2025-10-31T20:04:59","date_gmt":"2025-10-31T20:04:59","guid":{"rendered":"https:\/\/dev.promis.ro\/product\/amir\/"},"modified":"2025-11-05T13:01:30","modified_gmt":"2025-11-05T13:01:30","slug":"amir","status":"publish","type":"product","link":"https:\/\/promis.ro\/ro\/produs\/amir\/","title":{"rendered":"AMIR"},"content":{"rendered":"<p>Kit de reparare biciclete. Unelte multifunc\u021bionale cu 15 piese, incluz\u00e2nd 2 levieruri pentru anvelope, r\u0103z\u0103toare, lipici \u0219i autocolante, inclusiv un pouch cu margine reflectorizant\u0103.<\/p>","protected":false},"excerpt":{"rendered":"<p>Kit de reparare biciclete<\/p>","protected":false},"featured_media":74628,"comment_status":"open","ping_status":"closed","template":"","meta":[],"product_brand":[],"product_cat":[176],"product_tag":[],"class_list":{"0":"post-74631","1":"product","2":"type-product","3":"status-publish","4":"has-post-thumbnail","6":"product_cat-sport-si-aventura","8":"first","9":"instock","10":"shipping-taxable","11":"purchasable","12":"product-type-simple"},"_links":{"self":[{"href":"https:\/\/promis.ro\/ro\/wp-json\/wp\/v2\/product\/74631","targetHints":{"allow":["GET"]}}],"collection":[{"href":"https:\/\/promis.ro\/ro\/wp-json\/wp\/v2\/product"}],"about":[{"href":"https:\/\/promis.ro\/ro\/wp-json\/wp\/v2\/types\/product"}],"replies":[{"embeddable":true,"href":"https:\/\/promis.ro\/ro\/wp-json\/wp\/v2\/comments?post=74631"}],"version-history":[{"count":1,"href":"https:\/\/promis.ro\/ro\/wp-json\/wp\/v2\/product\/74631\/revisions"}],"predecessor-version":[{"id":109341,"href":"https:\/\/promis.ro\/ro\/wp-json\/wp\/v2\/product\/74631\/revisions\/109341"}],"wp:featuredmedia":[{"embeddable":true,"href":"https:\/\/promis.ro\/ro\/wp-json\/wp\/v2\/media\/74628"}],"wp:attachment":[{"href":"https:\/\/promis.ro\/ro\/wp-json\/wp\/v2\/media?parent=74631"}],"wp:term":[{"taxonomy":"product_brand","embeddable":true,"href":"https:\/\/promis.ro\/ro\/wp-json\/wp\/v2\/product_brand?post=74631"},{"taxonomy":"product_cat","embeddable":true,"href":"https:\/\/promis.ro\/ro\/wp-json\/wp\/v2\/product_cat?post=74631"},{"taxonomy":"product_tag","embeddable":true,"href":"https:\/\/promis.ro\/ro\/wp-json\/wp\/v2\/product_tag?post=74631"}],"curies":[{"name":"wp","href":"https:\/\/api.w.org\/{rel}","templated":true}]}}