{"id":74641,"date":"2025-10-31T20:05:05","date_gmt":"2025-10-31T20:05:05","guid":{"rendered":"https:\/\/dev.promis.ro\/product\/enrollo-2\/"},"modified":"2025-11-05T13:01:25","modified_gmt":"2025-11-05T13:01:25","slug":"enrollo-2","status":"publish","type":"product","link":"https:\/\/promis.ro\/ro\/produs\/enrollo-2\/","title":{"rendered":"ENROLLO"},"content":{"rendered":"<p>Br\u0103\u021bar\u0103 reflectorizant\u0103 din PVC, pliabil\u0103, cu PVC alb pe spate. Pentru utilizare promo\u021bional\u0103 doar. 32x3cm.<\/p>","protected":false},"excerpt":{"rendered":"<p><strong>Br\u0103\u021bar\u0103 reflectorizant\u0103 pentru \u00eencheietura m\u00e2inii<\/strong><\/p>","protected":false},"featured_media":74632,"comment_status":"open","ping_status":"closed","template":"","meta":[],"product_brand":[],"product_cat":[176],"product_tag":[],"class_list":{"0":"post-74641","1":"product","2":"type-product","3":"status-publish","4":"has-post-thumbnail","6":"product_cat-sport-si-aventura","8":"first","9":"instock","10":"shipping-taxable","11":"purchasable","12":"product-type-variable"},"_links":{"self":[{"href":"https:\/\/promis.ro\/ro\/wp-json\/wp\/v2\/product\/74641","targetHints":{"allow":["GET"]}}],"collection":[{"href":"https:\/\/promis.ro\/ro\/wp-json\/wp\/v2\/product"}],"about":[{"href":"https:\/\/promis.ro\/ro\/wp-json\/wp\/v2\/types\/product"}],"replies":[{"embeddable":true,"href":"https:\/\/promis.ro\/ro\/wp-json\/wp\/v2\/comments?post=74641"}],"version-history":[{"count":1,"href":"https:\/\/promis.ro\/ro\/wp-json\/wp\/v2\/product\/74641\/revisions"}],"predecessor-version":[{"id":109339,"href":"https:\/\/promis.ro\/ro\/wp-json\/wp\/v2\/product\/74641\/revisions\/109339"}],"wp:featuredmedia":[{"embeddable":true,"href":"https:\/\/promis.ro\/ro\/wp-json\/wp\/v2\/media\/74632"}],"wp:attachment":[{"href":"https:\/\/promis.ro\/ro\/wp-json\/wp\/v2\/media?parent=74641"}],"wp:term":[{"taxonomy":"product_brand","embeddable":true,"href":"https:\/\/promis.ro\/ro\/wp-json\/wp\/v2\/product_brand?post=74641"},{"taxonomy":"product_cat","embeddable":true,"href":"https:\/\/promis.ro\/ro\/wp-json\/wp\/v2\/product_cat?post=74641"},{"taxonomy":"product_tag","embeddable":true,"href":"https:\/\/promis.ro\/ro\/wp-json\/wp\/v2\/product_tag?post=74641"}],"curies":[{"name":"wp","href":"https:\/\/api.w.org\/{rel}","templated":true}]}}