{"id":74652,"date":"2025-10-31T20:05:11","date_gmt":"2025-10-31T20:05:11","guid":{"rendered":"https:\/\/dev.promis.ro\/product\/shakes\/"},"modified":"2025-11-05T13:02:02","modified_gmt":"2025-11-05T13:02:02","slug":"shakes","status":"publish","type":"product","link":"https:\/\/promis.ro\/ro\/produs\/shakes\/","title":{"rendered":"SHAKES"},"content":{"rendered":"<p>Set de 3 unelte de gr\u0103tar din o\u021bel inoxidabil \u00een pung\u0103 din material ne\u021besut cu fermoar.<\/p>","protected":false},"excerpt":{"rendered":"<p>3 Unelte pentru gr\u0103tar \u00een pung\u0103<\/p>","protected":false},"featured_media":74648,"comment_status":"open","ping_status":"closed","template":"","meta":[],"product_brand":[],"product_cat":[176],"product_tag":[],"class_list":{"0":"post-74652","1":"product","2":"type-product","3":"status-publish","4":"has-post-thumbnail","6":"product_cat-sport-si-aventura","8":"first","9":"instock","10":"shipping-taxable","11":"purchasable","12":"product-type-simple"},"_links":{"self":[{"href":"https:\/\/promis.ro\/ro\/wp-json\/wp\/v2\/product\/74652","targetHints":{"allow":["GET"]}}],"collection":[{"href":"https:\/\/promis.ro\/ro\/wp-json\/wp\/v2\/product"}],"about":[{"href":"https:\/\/promis.ro\/ro\/wp-json\/wp\/v2\/types\/product"}],"replies":[{"embeddable":true,"href":"https:\/\/promis.ro\/ro\/wp-json\/wp\/v2\/comments?post=74652"}],"version-history":[{"count":1,"href":"https:\/\/promis.ro\/ro\/wp-json\/wp\/v2\/product\/74652\/revisions"}],"predecessor-version":[{"id":109356,"href":"https:\/\/promis.ro\/ro\/wp-json\/wp\/v2\/product\/74652\/revisions\/109356"}],"wp:featuredmedia":[{"embeddable":true,"href":"https:\/\/promis.ro\/ro\/wp-json\/wp\/v2\/media\/74648"}],"wp:attachment":[{"href":"https:\/\/promis.ro\/ro\/wp-json\/wp\/v2\/media?parent=74652"}],"wp:term":[{"taxonomy":"product_brand","embeddable":true,"href":"https:\/\/promis.ro\/ro\/wp-json\/wp\/v2\/product_brand?post=74652"},{"taxonomy":"product_cat","embeddable":true,"href":"https:\/\/promis.ro\/ro\/wp-json\/wp\/v2\/product_cat?post=74652"},{"taxonomy":"product_tag","embeddable":true,"href":"https:\/\/promis.ro\/ro\/wp-json\/wp\/v2\/product_tag?post=74652"}],"curies":[{"name":"wp","href":"https:\/\/api.w.org\/{rel}","templated":true}]}}