{"id":74698,"date":"2025-10-31T20:05:40","date_gmt":"2025-10-31T20:05:40","guid":{"rendered":"https:\/\/dev.promis.ro\/product\/gates\/"},"modified":"2025-11-05T13:01:36","modified_gmt":"2025-11-05T13:01:36","slug":"gates","status":"publish","type":"product","link":"https:\/\/promis.ro\/ro\/produs\/gates\/","title":{"rendered":"GATES"},"content":{"rendered":"<p>Sticl\u0103 de ap\u0103 pliabil\u0103 din PET, care este f\u0103r\u0103 BPA, cu carabin\u0103 din aluminiu. Capacitate 480 ml. F\u0103r\u0103 scurgeri.<\/p>","protected":false},"excerpt":{"rendered":"<p>Sticl\u0103 de ap\u0103 pliabil\u0103<\/p>","protected":false},"featured_media":74660,"comment_status":"open","ping_status":"closed","template":"","meta":[],"product_brand":[],"product_cat":[172],"product_tag":[],"class_list":{"0":"post-74698","1":"product","2":"type-product","3":"status-publish","4":"has-post-thumbnail","6":"product_cat-cani-borcane-si-thermosuri","8":"first","9":"instock","10":"shipping-taxable","11":"purchasable","12":"product-type-variable"},"_links":{"self":[{"href":"https:\/\/promis.ro\/ro\/wp-json\/wp\/v2\/product\/74698","targetHints":{"allow":["GET"]}}],"collection":[{"href":"https:\/\/promis.ro\/ro\/wp-json\/wp\/v2\/product"}],"about":[{"href":"https:\/\/promis.ro\/ro\/wp-json\/wp\/v2\/types\/product"}],"replies":[{"embeddable":true,"href":"https:\/\/promis.ro\/ro\/wp-json\/wp\/v2\/comments?post=74698"}],"version-history":[{"count":1,"href":"https:\/\/promis.ro\/ro\/wp-json\/wp\/v2\/product\/74698\/revisions"}],"predecessor-version":[{"id":109344,"href":"https:\/\/promis.ro\/ro\/wp-json\/wp\/v2\/product\/74698\/revisions\/109344"}],"wp:featuredmedia":[{"embeddable":true,"href":"https:\/\/promis.ro\/ro\/wp-json\/wp\/v2\/media\/74660"}],"wp:attachment":[{"href":"https:\/\/promis.ro\/ro\/wp-json\/wp\/v2\/media?parent=74698"}],"wp:term":[{"taxonomy":"product_brand","embeddable":true,"href":"https:\/\/promis.ro\/ro\/wp-json\/wp\/v2\/product_brand?post=74698"},{"taxonomy":"product_cat","embeddable":true,"href":"https:\/\/promis.ro\/ro\/wp-json\/wp\/v2\/product_cat?post=74698"},{"taxonomy":"product_tag","embeddable":true,"href":"https:\/\/promis.ro\/ro\/wp-json\/wp\/v2\/product_tag?post=74698"}],"curies":[{"name":"wp","href":"https:\/\/api.w.org\/{rel}","templated":true}]}}