{"id":74784,"date":"2025-10-31T20:06:35","date_gmt":"2025-10-31T20:06:35","guid":{"rendered":"https:\/\/dev.promis.ro\/product\/slimmy-flask-set\/"},"modified":"2025-11-05T13:02:00","modified_gmt":"2025-11-05T13:02:00","slug":"slimmy-flask-set","status":"publish","type":"product","link":"https:\/\/promis.ro\/ro\/produs\/slimmy-flask-set\/","title":{"rendered":"SLIMMY FLASK SET"},"content":{"rendered":"<p>Flacon de \u0219ampanie sub\u021bire. Finisaj satinat, un singur strat de 175 ml. Cu 2 c\u0103ni \u0219i g\u00e2t de sticl\u0103, prezentat \u00eentr-o cutie de cadou neagr\u0103.<\/p>","protected":false},"excerpt":{"rendered":"<p>Set de flacon sub\u021bire cu 2 c\u0103ni<\/p>","protected":false},"featured_media":74780,"comment_status":"open","ping_status":"closed","template":"","meta":[],"product_brand":[],"product_cat":[179],"product_tag":[],"class_list":{"0":"post-74784","1":"product","2":"type-product","3":"status-publish","4":"has-post-thumbnail","6":"product_cat-casa-si-decoratiuni","8":"first","9":"instock","10":"shipping-taxable","11":"purchasable","12":"product-type-simple"},"_links":{"self":[{"href":"https:\/\/promis.ro\/ro\/wp-json\/wp\/v2\/product\/74784","targetHints":{"allow":["GET"]}}],"collection":[{"href":"https:\/\/promis.ro\/ro\/wp-json\/wp\/v2\/product"}],"about":[{"href":"https:\/\/promis.ro\/ro\/wp-json\/wp\/v2\/types\/product"}],"replies":[{"embeddable":true,"href":"https:\/\/promis.ro\/ro\/wp-json\/wp\/v2\/comments?post=74784"}],"version-history":[{"count":1,"href":"https:\/\/promis.ro\/ro\/wp-json\/wp\/v2\/product\/74784\/revisions"}],"predecessor-version":[{"id":109355,"href":"https:\/\/promis.ro\/ro\/wp-json\/wp\/v2\/product\/74784\/revisions\/109355"}],"wp:featuredmedia":[{"embeddable":true,"href":"https:\/\/promis.ro\/ro\/wp-json\/wp\/v2\/media\/74780"}],"wp:attachment":[{"href":"https:\/\/promis.ro\/ro\/wp-json\/wp\/v2\/media?parent=74784"}],"wp:term":[{"taxonomy":"product_brand","embeddable":true,"href":"https:\/\/promis.ro\/ro\/wp-json\/wp\/v2\/product_brand?post=74784"},{"taxonomy":"product_cat","embeddable":true,"href":"https:\/\/promis.ro\/ro\/wp-json\/wp\/v2\/product_cat?post=74784"},{"taxonomy":"product_tag","embeddable":true,"href":"https:\/\/promis.ro\/ro\/wp-json\/wp\/v2\/product_tag?post=74784"}],"curies":[{"name":"wp","href":"https:\/\/api.w.org\/{rel}","templated":true}]}}