{"id":74793,"date":"2025-10-31T20:06:39","date_gmt":"2025-10-31T20:06:39","guid":{"rendered":"https:\/\/dev.promis.ro\/product\/boda\/"},"modified":"2025-11-05T13:02:06","modified_gmt":"2025-11-05T13:02:06","slug":"boda","status":"publish","type":"product","link":"https:\/\/promis.ro\/ro\/produs\/boda\/","title":{"rendered":"BODA"},"content":{"rendered":"<p>Umbrel\u0103 de 23 inch, cu 8 panouri din PE, cu sfoar\u0103 neagr\u0103 pe m\u00e2ner. Deschidere manual\u0103.<\/p>","protected":false},"excerpt":{"rendered":"<p>Umbrel\u0103 transparent\u0103 de 23 inch<\/p>","protected":false},"featured_media":74791,"comment_status":"open","ping_status":"closed","template":"","meta":[],"product_brand":[],"product_cat":[193],"product_tag":[],"class_list":{"0":"post-74793","1":"product","2":"type-product","3":"status-publish","4":"has-post-thumbnail","6":"product_cat-ploaie-si-frig","8":"first","9":"instock","10":"shipping-taxable","11":"purchasable","12":"product-type-simple"},"_links":{"self":[{"href":"https:\/\/promis.ro\/ro\/wp-json\/wp\/v2\/product\/74793","targetHints":{"allow":["GET"]}}],"collection":[{"href":"https:\/\/promis.ro\/ro\/wp-json\/wp\/v2\/product"}],"about":[{"href":"https:\/\/promis.ro\/ro\/wp-json\/wp\/v2\/types\/product"}],"replies":[{"embeddable":true,"href":"https:\/\/promis.ro\/ro\/wp-json\/wp\/v2\/comments?post=74793"}],"version-history":[{"count":1,"href":"https:\/\/promis.ro\/ro\/wp-json\/wp\/v2\/product\/74793\/revisions"}],"predecessor-version":[{"id":109358,"href":"https:\/\/promis.ro\/ro\/wp-json\/wp\/v2\/product\/74793\/revisions\/109358"}],"wp:featuredmedia":[{"embeddable":true,"href":"https:\/\/promis.ro\/ro\/wp-json\/wp\/v2\/media\/74791"}],"wp:attachment":[{"href":"https:\/\/promis.ro\/ro\/wp-json\/wp\/v2\/media?parent=74793"}],"wp:term":[{"taxonomy":"product_brand","embeddable":true,"href":"https:\/\/promis.ro\/ro\/wp-json\/wp\/v2\/product_brand?post=74793"},{"taxonomy":"product_cat","embeddable":true,"href":"https:\/\/promis.ro\/ro\/wp-json\/wp\/v2\/product_cat?post=74793"},{"taxonomy":"product_tag","embeddable":true,"href":"https:\/\/promis.ro\/ro\/wp-json\/wp\/v2\/product_tag?post=74793"}],"curies":[{"name":"wp","href":"https:\/\/api.w.org\/{rel}","templated":true}]}}