{"id":75606,"date":"2025-10-31T20:12:56","date_gmt":"2025-10-31T20:12:56","guid":{"rendered":"https:\/\/dev.promis.ro\/product\/camden\/"},"modified":"2025-11-05T13:04:09","modified_gmt":"2025-11-05T13:04:09","slug":"camden","status":"publish","type":"product","link":"https:\/\/promis.ro\/ro\/produs\/camden\/","title":{"rendered":"CAMDEN"},"content":{"rendered":"<p>Geant\u0103 de cump\u0103r\u0103turi din poliester 600D cu buzunar lateral \u0219i buzunar interior cu fermoar. M\u00e2nere lungi \u0219i scurte.<\/p>","protected":false},"excerpt":{"rendered":"<p>Geant\u0103 de cump\u0103r\u0103turi din poliester 600D<\/p>","protected":false},"featured_media":75605,"comment_status":"open","ping_status":"closed","template":"","meta":[],"product_brand":[],"product_cat":[174],"product_tag":[],"class_list":{"0":"post-75606","1":"product","2":"type-product","3":"status-publish","4":"has-post-thumbnail","6":"product_cat-pungi","8":"first","9":"instock","10":"shipping-taxable","11":"purchasable","12":"product-type-simple"},"_links":{"self":[{"href":"https:\/\/promis.ro\/ro\/wp-json\/wp\/v2\/product\/75606","targetHints":{"allow":["GET"]}}],"collection":[{"href":"https:\/\/promis.ro\/ro\/wp-json\/wp\/v2\/product"}],"about":[{"href":"https:\/\/promis.ro\/ro\/wp-json\/wp\/v2\/types\/product"}],"replies":[{"embeddable":true,"href":"https:\/\/promis.ro\/ro\/wp-json\/wp\/v2\/comments?post=75606"}],"version-history":[{"count":1,"href":"https:\/\/promis.ro\/ro\/wp-json\/wp\/v2\/product\/75606\/revisions"}],"predecessor-version":[{"id":109415,"href":"https:\/\/promis.ro\/ro\/wp-json\/wp\/v2\/product\/75606\/revisions\/109415"}],"wp:featuredmedia":[{"embeddable":true,"href":"https:\/\/promis.ro\/ro\/wp-json\/wp\/v2\/media\/75605"}],"wp:attachment":[{"href":"https:\/\/promis.ro\/ro\/wp-json\/wp\/v2\/media?parent=75606"}],"wp:term":[{"taxonomy":"product_brand","embeddable":true,"href":"https:\/\/promis.ro\/ro\/wp-json\/wp\/v2\/product_brand?post=75606"},{"taxonomy":"product_cat","embeddable":true,"href":"https:\/\/promis.ro\/ro\/wp-json\/wp\/v2\/product_cat?post=75606"},{"taxonomy":"product_tag","embeddable":true,"href":"https:\/\/promis.ro\/ro\/wp-json\/wp\/v2\/product_tag?post=75606"}],"curies":[{"name":"wp","href":"https:\/\/api.w.org\/{rel}","templated":true}]}}