{"id":75677,"date":"2025-10-31T20:13:40","date_gmt":"2025-10-31T20:13:40","guid":{"rendered":"https:\/\/dev.promis.ro\/product\/stunning\/"},"modified":"2025-11-05T13:04:23","modified_gmt":"2025-11-05T13:04:23","slug":"stunning","status":"publish","type":"product","link":"https:\/\/promis.ro\/ro\/produs\/stunning\/","title":{"rendered":"STUNNING"},"content":{"rendered":"<p>Oglind\u0103 compact\u0103 dubl\u0103 cu finisaj cauciucat, cu oglind\u0103 de m\u0103rire \u0219i oglind\u0103 standard.<\/p>","protected":false},"excerpt":{"rendered":"<p>Oglind\u0103 compact\u0103 cu dou\u0103 fe\u021be<\/p>","protected":false},"featured_media":75675,"comment_status":"open","ping_status":"closed","template":"","meta":[],"product_brand":[],"product_cat":[181],"product_tag":[],"class_list":{"0":"post-75677","1":"product","2":"type-product","3":"status-publish","4":"has-post-thumbnail","6":"product_cat-ingrijire-personala-si-farmaceutica","8":"first","9":"instock","10":"shipping-taxable","11":"purchasable","12":"product-type-simple"},"_links":{"self":[{"href":"https:\/\/promis.ro\/ro\/wp-json\/wp\/v2\/product\/75677","targetHints":{"allow":["GET"]}}],"collection":[{"href":"https:\/\/promis.ro\/ro\/wp-json\/wp\/v2\/product"}],"about":[{"href":"https:\/\/promis.ro\/ro\/wp-json\/wp\/v2\/types\/product"}],"replies":[{"embeddable":true,"href":"https:\/\/promis.ro\/ro\/wp-json\/wp\/v2\/comments?post=75677"}],"version-history":[{"count":1,"href":"https:\/\/promis.ro\/ro\/wp-json\/wp\/v2\/product\/75677\/revisions"}],"predecessor-version":[{"id":109422,"href":"https:\/\/promis.ro\/ro\/wp-json\/wp\/v2\/product\/75677\/revisions\/109422"}],"wp:featuredmedia":[{"embeddable":true,"href":"https:\/\/promis.ro\/ro\/wp-json\/wp\/v2\/media\/75675"}],"wp:attachment":[{"href":"https:\/\/promis.ro\/ro\/wp-json\/wp\/v2\/media?parent=75677"}],"wp:term":[{"taxonomy":"product_brand","embeddable":true,"href":"https:\/\/promis.ro\/ro\/wp-json\/wp\/v2\/product_brand?post=75677"},{"taxonomy":"product_cat","embeddable":true,"href":"https:\/\/promis.ro\/ro\/wp-json\/wp\/v2\/product_cat?post=75677"},{"taxonomy":"product_tag","embeddable":true,"href":"https:\/\/promis.ro\/ro\/wp-json\/wp\/v2\/product_tag?post=75677"}],"curies":[{"name":"wp","href":"https:\/\/api.w.org\/{rel}","templated":true}]}}