{"id":75708,"date":"2025-10-31T20:13:58","date_gmt":"2025-10-31T20:13:58","guid":{"rendered":"https:\/\/dev.promis.ro\/product\/haarlem\/"},"modified":"2025-11-05T13:04:29","modified_gmt":"2025-11-05T13:04:29","slug":"haarlem","status":"publish","type":"product","link":"https:\/\/promis.ro\/ro\/produs\/haarlem\/","title":{"rendered":"HAARLEM"},"content":{"rendered":"<p>Umbrel\u0103 automat\u0103 pliabil\u0103 de 21 inch, cu 2 pliuri, din 190T pongee, cu tij\u0103 din o\u021bel zincat, nervuri \u0219i v\u00e2rfuri. M\u00e2ner din ABS cauciucat negru. Include un pouch asortat. \u00cenchidere manual\u0103.<\/p>","protected":false},"excerpt":{"rendered":"<p>umbrella pliabil de 21 inch<\/p>","protected":false},"featured_media":75691,"comment_status":"open","ping_status":"closed","template":"","meta":[],"product_brand":[],"product_cat":[193],"product_tag":[],"class_list":{"0":"post-75708","1":"product","2":"type-product","3":"status-publish","4":"has-post-thumbnail","6":"product_cat-ploaie-si-frig","8":"first","9":"instock","10":"shipping-taxable","11":"purchasable","12":"product-type-variable"},"_links":{"self":[{"href":"https:\/\/promis.ro\/ro\/wp-json\/wp\/v2\/product\/75708","targetHints":{"allow":["GET"]}}],"collection":[{"href":"https:\/\/promis.ro\/ro\/wp-json\/wp\/v2\/product"}],"about":[{"href":"https:\/\/promis.ro\/ro\/wp-json\/wp\/v2\/types\/product"}],"replies":[{"embeddable":true,"href":"https:\/\/promis.ro\/ro\/wp-json\/wp\/v2\/comments?post=75708"}],"version-history":[{"count":1,"href":"https:\/\/promis.ro\/ro\/wp-json\/wp\/v2\/product\/75708\/revisions"}],"predecessor-version":[{"id":109425,"href":"https:\/\/promis.ro\/ro\/wp-json\/wp\/v2\/product\/75708\/revisions\/109425"}],"wp:featuredmedia":[{"embeddable":true,"href":"https:\/\/promis.ro\/ro\/wp-json\/wp\/v2\/media\/75691"}],"wp:attachment":[{"href":"https:\/\/promis.ro\/ro\/wp-json\/wp\/v2\/media?parent=75708"}],"wp:term":[{"taxonomy":"product_brand","embeddable":true,"href":"https:\/\/promis.ro\/ro\/wp-json\/wp\/v2\/product_brand?post=75708"},{"taxonomy":"product_cat","embeddable":true,"href":"https:\/\/promis.ro\/ro\/wp-json\/wp\/v2\/product_cat?post=75708"},{"taxonomy":"product_tag","embeddable":true,"href":"https:\/\/promis.ro\/ro\/wp-json\/wp\/v2\/product_tag?post=75708"}],"curies":[{"name":"wp","href":"https:\/\/api.w.org\/{rel}","templated":true}]}}