{"id":75724,"date":"2025-10-31T20:14:08","date_gmt":"2025-10-31T20:14:08","guid":{"rendered":"https:\/\/dev.promis.ro\/product\/skye\/"},"modified":"2025-11-05T13:04:46","modified_gmt":"2025-11-05T13:04:46","slug":"skye","status":"publish","type":"product","link":"https:\/\/promis.ro\/ro\/produs\/skye\/","title":{"rendered":"SKYE"},"content":{"rendered":"<p>Umbrel\u0103 auto deschis\u0103 de 23 inch, rezistent\u0103 la v\u00e2nt, din 190T pongee, cu tij\u0103 \u0219i nervuri din fibr\u0103 de sticl\u0103, \u00een culoare cu v\u00e2rfuri din plastic negru. Panouri negre cu cus\u0103turi \u00een culoare asortat\u0103. M\u00e2ner drept din plastic negru. \u00cenchidere manual\u0103.<\/p>","protected":false},"excerpt":{"rendered":"<p>Umbrela rezistent\u0103 la v\u00e2nt de 23 inch<\/p>","protected":false},"featured_media":75722,"comment_status":"open","ping_status":"closed","template":"","meta":[],"product_brand":[],"product_cat":[193],"product_tag":[],"class_list":{"0":"post-75724","1":"product","2":"type-product","3":"status-publish","4":"has-post-thumbnail","6":"product_cat-ploaie-si-frig","8":"first","9":"outofstock","10":"shipping-taxable","11":"purchasable","12":"product-type-simple"},"_links":{"self":[{"href":"https:\/\/promis.ro\/ro\/wp-json\/wp\/v2\/product\/75724","targetHints":{"allow":["GET"]}}],"collection":[{"href":"https:\/\/promis.ro\/ro\/wp-json\/wp\/v2\/product"}],"about":[{"href":"https:\/\/promis.ro\/ro\/wp-json\/wp\/v2\/types\/product"}],"replies":[{"embeddable":true,"href":"https:\/\/promis.ro\/ro\/wp-json\/wp\/v2\/comments?post=75724"}],"version-history":[{"count":1,"href":"https:\/\/promis.ro\/ro\/wp-json\/wp\/v2\/product\/75724\/revisions"}],"predecessor-version":[{"id":109433,"href":"https:\/\/promis.ro\/ro\/wp-json\/wp\/v2\/product\/75724\/revisions\/109433"}],"wp:featuredmedia":[{"embeddable":true,"href":"https:\/\/promis.ro\/ro\/wp-json\/wp\/v2\/media\/75722"}],"wp:attachment":[{"href":"https:\/\/promis.ro\/ro\/wp-json\/wp\/v2\/media?parent=75724"}],"wp:term":[{"taxonomy":"product_brand","embeddable":true,"href":"https:\/\/promis.ro\/ro\/wp-json\/wp\/v2\/product_brand?post=75724"},{"taxonomy":"product_cat","embeddable":true,"href":"https:\/\/promis.ro\/ro\/wp-json\/wp\/v2\/product_cat?post=75724"},{"taxonomy":"product_tag","embeddable":true,"href":"https:\/\/promis.ro\/ro\/wp-json\/wp\/v2\/product_tag?post=75724"}],"curies":[{"name":"wp","href":"https:\/\/api.w.org\/{rel}","templated":true}]}}