{"id":75734,"date":"2025-10-31T20:14:14","date_gmt":"2025-10-31T20:14:14","guid":{"rendered":"https:\/\/dev.promis.ro\/product\/small-swansea\/"},"modified":"2025-11-05T13:04:36","modified_gmt":"2025-11-05T13:04:36","slug":"small-swansea","status":"publish","type":"product","link":"https:\/\/promis.ro\/ro\/produs\/small-swansea\/","title":{"rendered":"SMALL SWANSEA"},"content":{"rendered":"<p>Umbrel\u0103 auto deschis\u0103 de 23 inch din 190T pongee cu tij\u0103 \u0219i nervuri din metal placat cu negru. V\u00e2rfuri din plastic negru. M\u00e2ner drept din EVA negru. \u00cenchidere manual\u0103.<\/p>","protected":false},"excerpt":{"rendered":"<p>Umbrel\u0103 de 23 de inch<\/p>","protected":false},"featured_media":75725,"comment_status":"open","ping_status":"closed","template":"","meta":[],"product_brand":[],"product_cat":[193],"product_tag":[],"class_list":{"0":"post-75734","1":"product","2":"type-product","3":"status-publish","4":"has-post-thumbnail","6":"product_cat-ploaie-si-frig","8":"first","9":"instock","10":"shipping-taxable","11":"purchasable","12":"product-type-variable"},"_links":{"self":[{"href":"https:\/\/promis.ro\/ro\/wp-json\/wp\/v2\/product\/75734","targetHints":{"allow":["GET"]}}],"collection":[{"href":"https:\/\/promis.ro\/ro\/wp-json\/wp\/v2\/product"}],"about":[{"href":"https:\/\/promis.ro\/ro\/wp-json\/wp\/v2\/types\/product"}],"replies":[{"embeddable":true,"href":"https:\/\/promis.ro\/ro\/wp-json\/wp\/v2\/comments?post=75734"}],"version-history":[{"count":1,"href":"https:\/\/promis.ro\/ro\/wp-json\/wp\/v2\/product\/75734\/revisions"}],"predecessor-version":[{"id":109428,"href":"https:\/\/promis.ro\/ro\/wp-json\/wp\/v2\/product\/75734\/revisions\/109428"}],"wp:featuredmedia":[{"embeddable":true,"href":"https:\/\/promis.ro\/ro\/wp-json\/wp\/v2\/media\/75725"}],"wp:attachment":[{"href":"https:\/\/promis.ro\/ro\/wp-json\/wp\/v2\/media?parent=75734"}],"wp:term":[{"taxonomy":"product_brand","embeddable":true,"href":"https:\/\/promis.ro\/ro\/wp-json\/wp\/v2\/product_brand?post=75734"},{"taxonomy":"product_cat","embeddable":true,"href":"https:\/\/promis.ro\/ro\/wp-json\/wp\/v2\/product_cat?post=75734"},{"taxonomy":"product_tag","embeddable":true,"href":"https:\/\/promis.ro\/ro\/wp-json\/wp\/v2\/product_tag?post=75734"}],"curies":[{"name":"wp","href":"https:\/\/api.w.org\/{rel}","templated":true}]}}