{"id":75766,"date":"2025-10-31T20:14:33","date_gmt":"2025-10-31T20:14:33","guid":{"rendered":"https:\/\/dev.promis.ro\/product\/gentlemen\/"},"modified":"2025-11-05T13:05:10","modified_gmt":"2025-11-05T13:05:10","slug":"gentlemen","status":"publish","type":"product","link":"https:\/\/promis.ro\/ro\/produs\/gentlemen\/","title":{"rendered":"GENTLEMEN"},"content":{"rendered":"<p>Umbrela automat\u0103 de lux de 21 inch, cu 3 pliuri, rezistent\u0103 la v\u00e2nt, din 190T pongee, cu tij\u0103 din o\u021bel zincat, nervuri negre cu 2 sec\u021biuni din fibr\u0103 de sticl\u0103 \u0219i v\u00e2rfuri din metal cromat, maner negru cauciucat cu doming. Include un pouch asortat. \u00cenchidere automat\u0103.<\/p>","protected":false},"excerpt":{"rendered":"<p>Umbrela de v\u00e2nt Luxe de 21 inch<\/p>","protected":false},"featured_media":75735,"comment_status":"open","ping_status":"closed","template":"","meta":[],"product_brand":[],"product_cat":[193],"product_tag":[],"class_list":{"0":"post-75766","1":"product","2":"type-product","3":"status-publish","4":"has-post-thumbnail","6":"product_cat-ploaie-si-frig","8":"first","9":"instock","10":"shipping-taxable","11":"purchasable","12":"product-type-variable"},"_links":{"self":[{"href":"https:\/\/promis.ro\/ro\/wp-json\/wp\/v2\/product\/75766","targetHints":{"allow":["GET"]}}],"collection":[{"href":"https:\/\/promis.ro\/ro\/wp-json\/wp\/v2\/product"}],"about":[{"href":"https:\/\/promis.ro\/ro\/wp-json\/wp\/v2\/types\/product"}],"replies":[{"embeddable":true,"href":"https:\/\/promis.ro\/ro\/wp-json\/wp\/v2\/comments?post=75766"}],"version-history":[{"count":1,"href":"https:\/\/promis.ro\/ro\/wp-json\/wp\/v2\/product\/75766\/revisions"}],"predecessor-version":[{"id":109444,"href":"https:\/\/promis.ro\/ro\/wp-json\/wp\/v2\/product\/75766\/revisions\/109444"}],"wp:featuredmedia":[{"embeddable":true,"href":"https:\/\/promis.ro\/ro\/wp-json\/wp\/v2\/media\/75735"}],"wp:attachment":[{"href":"https:\/\/promis.ro\/ro\/wp-json\/wp\/v2\/media?parent=75766"}],"wp:term":[{"taxonomy":"product_brand","embeddable":true,"href":"https:\/\/promis.ro\/ro\/wp-json\/wp\/v2\/product_brand?post=75766"},{"taxonomy":"product_cat","embeddable":true,"href":"https:\/\/promis.ro\/ro\/wp-json\/wp\/v2\/product_cat?post=75766"},{"taxonomy":"product_tag","embeddable":true,"href":"https:\/\/promis.ro\/ro\/wp-json\/wp\/v2\/product_tag?post=75766"}],"curies":[{"name":"wp","href":"https:\/\/api.w.org\/{rel}","templated":true}]}}