{"id":75771,"date":"2025-10-31T20:14:40","date_gmt":"2025-10-31T20:14:40","guid":{"rendered":"https:\/\/dev.promis.ro\/product\/colourpouch\/"},"modified":"2025-11-05T13:04:42","modified_gmt":"2025-11-05T13:04:42","slug":"colourpouch","status":"publish","type":"product","link":"https:\/\/promis.ro\/ro\/produs\/colourpouch\/","title":{"rendered":"COLOURPOUCH"},"content":{"rendered":"<p>Geant\u0103 impermeabil\u0103 pentru smartphone, fabricat\u0103 din PVC cu cordon din poliester. Cataram\u0103 de siguran\u021b\u0103 \u0219i opritor. Geanta are o suprafa\u021b\u0103 mai sub\u021bire care permite operarea ecranului tactil din exterior.<\/p>","protected":false},"excerpt":{"rendered":"<p>Hus\u0103 impermeabil\u0103 pentru smartphone<\/p>","protected":false},"featured_media":75767,"comment_status":"open","ping_status":"closed","template":"","meta":[],"product_brand":[],"product_cat":[170],"product_tag":[],"class_list":{"0":"post-75771","1":"product","2":"type-product","3":"status-publish","4":"has-post-thumbnail","6":"product_cat-tehnologie-si-accesorii","8":"first","9":"instock","10":"shipping-taxable","11":"purchasable","12":"product-type-variable"},"_links":{"self":[{"href":"https:\/\/promis.ro\/ro\/wp-json\/wp\/v2\/product\/75771","targetHints":{"allow":["GET"]}}],"collection":[{"href":"https:\/\/promis.ro\/ro\/wp-json\/wp\/v2\/product"}],"about":[{"href":"https:\/\/promis.ro\/ro\/wp-json\/wp\/v2\/types\/product"}],"replies":[{"embeddable":true,"href":"https:\/\/promis.ro\/ro\/wp-json\/wp\/v2\/comments?post=75771"}],"version-history":[{"count":1,"href":"https:\/\/promis.ro\/ro\/wp-json\/wp\/v2\/product\/75771\/revisions"}],"predecessor-version":[{"id":109431,"href":"https:\/\/promis.ro\/ro\/wp-json\/wp\/v2\/product\/75771\/revisions\/109431"}],"wp:featuredmedia":[{"embeddable":true,"href":"https:\/\/promis.ro\/ro\/wp-json\/wp\/v2\/media\/75767"}],"wp:attachment":[{"href":"https:\/\/promis.ro\/ro\/wp-json\/wp\/v2\/media?parent=75771"}],"wp:term":[{"taxonomy":"product_brand","embeddable":true,"href":"https:\/\/promis.ro\/ro\/wp-json\/wp\/v2\/product_brand?post=75771"},{"taxonomy":"product_cat","embeddable":true,"href":"https:\/\/promis.ro\/ro\/wp-json\/wp\/v2\/product_cat?post=75771"},{"taxonomy":"product_tag","embeddable":true,"href":"https:\/\/promis.ro\/ro\/wp-json\/wp\/v2\/product_tag?post=75771"}],"curies":[{"name":"wp","href":"https:\/\/api.w.org\/{rel}","templated":true}]}}