{"id":75774,"date":"2025-10-31T20:14:41","date_gmt":"2025-10-31T20:14:41","guid":{"rendered":"https:\/\/dev.promis.ro\/product\/squarie\/"},"modified":"2025-11-05T13:04:48","modified_gmt":"2025-11-05T13:04:48","slug":"squarie","status":"publish","type":"product","link":"https:\/\/promis.ro\/ro\/produs\/squarie\/","title":{"rendered":"SQUARIE"},"content":{"rendered":"<p>Marker de tip p\u0103trat cu carcas\u0103 din ABS. Cerneal\u0103 \u00een 4 culori: galben, fucsia, portocalie \u0219i verde.<\/p>","protected":false},"excerpt":{"rendered":"<p>Marker de eviden\u021biere de form\u0103 p\u0103trat\u0103<\/p>","protected":false},"featured_media":75772,"comment_status":"open","ping_status":"closed","template":"","meta":[],"product_brand":[],"product_cat":[175],"product_tag":[],"class_list":{"0":"post-75774","1":"product","2":"type-product","3":"status-publish","4":"has-post-thumbnail","6":"product_cat-scris","8":"first","9":"instock","10":"shipping-taxable","11":"purchasable","12":"product-type-simple"},"_links":{"self":[{"href":"https:\/\/promis.ro\/ro\/wp-json\/wp\/v2\/product\/75774","targetHints":{"allow":["GET"]}}],"collection":[{"href":"https:\/\/promis.ro\/ro\/wp-json\/wp\/v2\/product"}],"about":[{"href":"https:\/\/promis.ro\/ro\/wp-json\/wp\/v2\/types\/product"}],"replies":[{"embeddable":true,"href":"https:\/\/promis.ro\/ro\/wp-json\/wp\/v2\/comments?post=75774"}],"version-history":[{"count":1,"href":"https:\/\/promis.ro\/ro\/wp-json\/wp\/v2\/product\/75774\/revisions"}],"predecessor-version":[{"id":109434,"href":"https:\/\/promis.ro\/ro\/wp-json\/wp\/v2\/product\/75774\/revisions\/109434"}],"wp:featuredmedia":[{"embeddable":true,"href":"https:\/\/promis.ro\/ro\/wp-json\/wp\/v2\/media\/75772"}],"wp:attachment":[{"href":"https:\/\/promis.ro\/ro\/wp-json\/wp\/v2\/media?parent=75774"}],"wp:term":[{"taxonomy":"product_brand","embeddable":true,"href":"https:\/\/promis.ro\/ro\/wp-json\/wp\/v2\/product_brand?post=75774"},{"taxonomy":"product_cat","embeddable":true,"href":"https:\/\/promis.ro\/ro\/wp-json\/wp\/v2\/product_cat?post=75774"},{"taxonomy":"product_tag","embeddable":true,"href":"https:\/\/promis.ro\/ro\/wp-json\/wp\/v2\/product_tag?post=75774"}],"curies":[{"name":"wp","href":"https:\/\/api.w.org\/{rel}","templated":true}]}}