{"id":77092,"date":"2025-10-31T20:25:16","date_gmt":"2025-10-31T20:25:16","guid":{"rendered":"https:\/\/dev.promis.ro\/product\/stockholm-trolley\/"},"modified":"2025-11-05T13:08:23","modified_gmt":"2025-11-05T13:08:23","slug":"stockholm-trolley","status":"publish","type":"product","link":"https:\/\/promis.ro\/ro\/produs\/stockholm-trolley\/","title":{"rendered":"STOCKHOLM TROLLEY"},"content":{"rendered":"<p>Rucsac cu ro\u021bi din poliester 360D \u00een 2 tonuri. Include un compartiment intern pentru laptop de 15 inch \u0219i o parte principal\u0103 frontal\u0103 cu buzunar cu fermoar. Spate \u0219i bretele c\u0103ptu\u0219ite. Include compartiment pentru tablet\u0103. Are un m\u00e2nec\u0103 integrat\u0103 pentru protejarea ro\u021bilor atunci c\u00e2nd este transportat.<\/p>","protected":false},"excerpt":{"rendered":"<p>Rucsac cu ro\u021bi din 360D<\/p>","protected":false},"featured_media":77085,"comment_status":"open","ping_status":"closed","template":"","meta":[],"product_brand":[],"product_cat":[169],"product_tag":[],"class_list":{"0":"post-77092","1":"product","2":"type-product","3":"status-publish","4":"has-post-thumbnail","6":"product_cat-ghiozdane","8":"first","9":"instock","10":"shipping-taxable","11":"purchasable","12":"product-type-simple"},"_links":{"self":[{"href":"https:\/\/promis.ro\/ro\/wp-json\/wp\/v2\/product\/77092","targetHints":{"allow":["GET"]}}],"collection":[{"href":"https:\/\/promis.ro\/ro\/wp-json\/wp\/v2\/product"}],"about":[{"href":"https:\/\/promis.ro\/ro\/wp-json\/wp\/v2\/types\/product"}],"replies":[{"embeddable":true,"href":"https:\/\/promis.ro\/ro\/wp-json\/wp\/v2\/comments?post=77092"}],"version-history":[{"count":1,"href":"https:\/\/promis.ro\/ro\/wp-json\/wp\/v2\/product\/77092\/revisions"}],"predecessor-version":[{"id":109536,"href":"https:\/\/promis.ro\/ro\/wp-json\/wp\/v2\/product\/77092\/revisions\/109536"}],"wp:featuredmedia":[{"embeddable":true,"href":"https:\/\/promis.ro\/ro\/wp-json\/wp\/v2\/media\/77085"}],"wp:attachment":[{"href":"https:\/\/promis.ro\/ro\/wp-json\/wp\/v2\/media?parent=77092"}],"wp:term":[{"taxonomy":"product_brand","embeddable":true,"href":"https:\/\/promis.ro\/ro\/wp-json\/wp\/v2\/product_brand?post=77092"},{"taxonomy":"product_cat","embeddable":true,"href":"https:\/\/promis.ro\/ro\/wp-json\/wp\/v2\/product_cat?post=77092"},{"taxonomy":"product_tag","embeddable":true,"href":"https:\/\/promis.ro\/ro\/wp-json\/wp\/v2\/product_tag?post=77092"}],"curies":[{"name":"wp","href":"https:\/\/api.w.org\/{rel}","templated":true}]}}