{"id":77096,"date":"2025-10-31T20:25:18","date_gmt":"2025-10-31T20:25:18","guid":{"rendered":"https:\/\/dev.promis.ro\/product\/wrenchy\/"},"modified":"2025-11-05T13:09:09","modified_gmt":"2025-11-05T13:09:09","slug":"wrenchy","status":"publish","type":"product","link":"https:\/\/promis.ro\/ro\/produs\/wrenchy\/","title":{"rendered":"WRENCHY"},"content":{"rendered":"<p>Deschiz\u0103tor de sticle \u00een form\u0103 de cheie \u0219i breloc.<\/p>","protected":false},"excerpt":{"rendered":"<p>Deschiz\u0103tor de sticle \u00een form\u0103 de cheie ingles\u0103<\/p>","protected":false},"featured_media":77093,"comment_status":"open","ping_status":"closed","template":"","meta":[],"product_brand":[],"product_cat":[184],"product_tag":[],"class_list":{"0":"post-77096","1":"product","2":"type-product","3":"status-publish","4":"has-post-thumbnail","6":"product_cat-unelte-pentru-bricolaj-si-masini","8":"first","9":"outofstock","10":"shipping-taxable","11":"purchasable","12":"product-type-simple"},"_links":{"self":[{"href":"https:\/\/promis.ro\/ro\/wp-json\/wp\/v2\/product\/77096","targetHints":{"allow":["GET"]}}],"collection":[{"href":"https:\/\/promis.ro\/ro\/wp-json\/wp\/v2\/product"}],"about":[{"href":"https:\/\/promis.ro\/ro\/wp-json\/wp\/v2\/types\/product"}],"replies":[{"embeddable":true,"href":"https:\/\/promis.ro\/ro\/wp-json\/wp\/v2\/comments?post=77096"}],"version-history":[{"count":1,"href":"https:\/\/promis.ro\/ro\/wp-json\/wp\/v2\/product\/77096\/revisions"}],"predecessor-version":[{"id":109558,"href":"https:\/\/promis.ro\/ro\/wp-json\/wp\/v2\/product\/77096\/revisions\/109558"}],"wp:featuredmedia":[{"embeddable":true,"href":"https:\/\/promis.ro\/ro\/wp-json\/wp\/v2\/media\/77093"}],"wp:attachment":[{"href":"https:\/\/promis.ro\/ro\/wp-json\/wp\/v2\/media?parent=77096"}],"wp:term":[{"taxonomy":"product_brand","embeddable":true,"href":"https:\/\/promis.ro\/ro\/wp-json\/wp\/v2\/product_brand?post=77096"},{"taxonomy":"product_cat","embeddable":true,"href":"https:\/\/promis.ro\/ro\/wp-json\/wp\/v2\/product_cat?post=77096"},{"taxonomy":"product_tag","embeddable":true,"href":"https:\/\/promis.ro\/ro\/wp-json\/wp\/v2\/product_tag?post=77096"}],"curies":[{"name":"wp","href":"https:\/\/api.w.org\/{rel}","templated":true}]}}