{"id":78156,"date":"2025-10-31T20:34:22","date_gmt":"2025-10-31T20:34:22","guid":{"rendered":"https:\/\/dev.promis.ro\/product\/bambloc\/"},"modified":"2025-11-05T13:11:43","modified_gmt":"2025-11-05T13:11:43","slug":"bambloc","status":"publish","type":"product","link":"https:\/\/promis.ro\/ro\/produs\/bambloc\/","title":{"rendered":"BAMBLOC"},"content":{"rendered":"<p>Caiet cu copert\u0103 din bambus \u0219i stilou asortat. Cablaj dublu. 140 de pagini din h\u00e2rtie reciclat\u0103 liniat\u0103 (70 de foi). Stilou cu buton de ap\u0103sare asortat, cu tub din bambus \u0219i detalii din ABS. Suport elastic pentru stilou. Bambusul este un produs natural, pot exista varia\u021bii u\u0219oare de culoare \u0219i dimensiune per articol, care pot afecta rezultatul final al decor\u0103rii. Certificat FSC\u00ae | FSC 100%, N5.7, FSC-C213206<\/p>","protected":false},"excerpt":{"rendered":"<p>Notebook din bambus cu stilou, cu linii<\/p>","protected":false},"featured_media":78152,"comment_status":"open","ping_status":"closed","template":"","meta":[],"product_brand":[],"product_cat":[175],"product_tag":[],"class_list":{"0":"post-78156","1":"product","2":"type-product","3":"status-publish","4":"has-post-thumbnail","6":"product_cat-scris","8":"first","9":"instock","10":"shipping-taxable","11":"purchasable","12":"product-type-simple"},"yoast_head":"<!-- This site is optimized with the Yoast SEO plugin v27.4 - https:\/\/yoast.com\/product\/yoast-seo-wordpress\/ -->\n<title>BAMBLOC - Promis.ro<\/title>\n<meta name=\"description\" content=\"Notebook din bambus cu stilou, cu linii\" \/>\n<meta name=\"robots\" content=\"index, follow, max-snippet:-1, max-image-preview:large, max-video-preview:-1\" \/>\n<link rel=\"canonical\" href=\"https:\/\/promis.ro\/ro\/produs\/bambloc\/\" \/>\n<meta property=\"og:locale\" content=\"ro_RO\" \/>\n<meta property=\"og:type\" content=\"article\" \/>\n<meta property=\"og:title\" content=\"BAMBLOC - Promis.ro\" \/>\n<meta property=\"og:description\" content=\"Notebook din bambus cu stilou, cu linii\" \/>\n<meta property=\"og:url\" content=\"https:\/\/promis.ro\/ro\/produs\/bambloc\/\" \/>\n<meta property=\"og:site_name\" content=\"Promis.ro\" \/>\n<meta property=\"article:modified_time\" content=\"2025-11-05T13:11:43+00:00\" \/>\n<meta property=\"og:image\" content=\"https:\/\/promis.ro\/wp-content\/uploads\/2025\/10\/mo9435-40.jpg\" \/>\n\t<meta property=\"og:image:width\" content=\"700\" \/>\n\t<meta property=\"og:image:height\" content=\"700\" \/>\n\t<meta property=\"og:image:type\" content=\"image\/jpeg\" \/>\n<meta name=\"twitter:card\" content=\"summary_large_image\" \/>\n<script type=\"application\/ld+json\" class=\"yoast-schema-graph\">{\"@context\":\"https:\\\/\\\/schema.org\",\"@graph\":[{\"@type\":\"WebPage\",\"@id\":\"https:\\\/\\\/promis.ro\\\/product\\\/bambloc\\\/\",\"url\":\"https:\\\/\\\/promis.ro\\\/product\\\/bambloc\\\/\",\"name\":\"BAMBLOC - Promis.ro\",\"isPartOf\":{\"@id\":\"https:\\\/\\\/promis.ro\\\/#website\"},\"primaryImageOfPage\":{\"@id\":\"https:\\\/\\\/promis.ro\\\/product\\\/bambloc\\\/#primaryimage\"},\"image\":{\"@id\":\"https:\\\/\\\/promis.ro\\\/product\\\/bambloc\\\/#primaryimage\"},\"thumbnailUrl\":\"https:\\\/\\\/promis.ro\\\/wp-content\\\/uploads\\\/2025\\\/10\\\/mo9435-40.jpg\",\"datePublished\":\"2025-10-31T20:34:22+00:00\",\"dateModified\":\"2025-11-05T13:11:43+00:00\",\"description\":\"Notebook din bambus cu stilou, cu linii\",\"breadcrumb\":{\"@id\":\"https:\\\/\\\/promis.ro\\\/product\\\/bambloc\\\/#breadcrumb\"},\"inLanguage\":\"ro-RO\",\"potentialAction\":[{\"@type\":\"ReadAction\",\"target\":[\"https:\\\/\\\/promis.ro\\\/product\\\/bambloc\\\/\"]}]},{\"@type\":\"ImageObject\",\"inLanguage\":\"ro-RO\",\"@id\":\"https:\\\/\\\/promis.ro\\\/product\\\/bambloc\\\/#primaryimage\",\"url\":\"https:\\\/\\\/promis.ro\\\/wp-content\\\/uploads\\\/2025\\\/10\\\/mo9435-40.jpg\",\"contentUrl\":\"https:\\\/\\\/promis.ro\\\/wp-content\\\/uploads\\\/2025\\\/10\\\/mo9435-40.jpg\",\"width\":700,\"height\":700},{\"@type\":\"BreadcrumbList\",\"@id\":\"https:\\\/\\\/promis.ro\\\/product\\\/bambloc\\\/#breadcrumb\",\"itemListElement\":[{\"@type\":\"ListItem\",\"position\":1,\"name\":\"Home\",\"item\":\"https:\\\/\\\/promis.ro\\\/\"},{\"@type\":\"ListItem\",\"position\":2,\"name\":\"Magazin\",\"item\":\"https:\\\/\\\/promis.ro\\\/magazin\\\/\"},{\"@type\":\"ListItem\",\"position\":3,\"name\":\"BAMBLOC\"}]},{\"@type\":\"WebSite\",\"@id\":\"https:\\\/\\\/promis.ro\\\/#website\",\"url\":\"https:\\\/\\\/promis.ro\\\/\",\"name\":\"Promis.ro\",\"description\":\"\",\"potentialAction\":[{\"@type\":\"SearchAction\",\"target\":{\"@type\":\"EntryPoint\",\"urlTemplate\":\"https:\\\/\\\/promis.ro\\\/?s={search_term_string}\"},\"query-input\":{\"@type\":\"PropertyValueSpecification\",\"valueRequired\":true,\"valueName\":\"search_term_string\"}}],\"inLanguage\":\"ro-RO\"}]}<\/script>\n<!-- \/ Yoast SEO plugin. -->","yoast_head_json":{"title":"BAMBLOC - Promis.ro","description":"Notebook din bambus cu stilou, cu linii","robots":{"index":"index","follow":"follow","max-snippet":"max-snippet:-1","max-image-preview":"max-image-preview:large","max-video-preview":"max-video-preview:-1"},"canonical":"https:\/\/promis.ro\/ro\/produs\/bambloc\/","og_locale":"ro_RO","og_type":"article","og_title":"BAMBLOC - Promis.ro","og_description":"Notebook din bambus cu stilou, cu linii","og_url":"https:\/\/promis.ro\/ro\/produs\/bambloc\/","og_site_name":"Promis.ro","article_modified_time":"2025-11-05T13:11:43+00:00","og_image":[{"width":700,"height":700,"url":"https:\/\/promis.ro\/wp-content\/uploads\/2025\/10\/mo9435-40.jpg","type":"image\/jpeg"}],"twitter_card":"summary_large_image","schema":{"@context":"https:\/\/schema.org","@graph":[{"@type":"WebPage","@id":"https:\/\/promis.ro\/product\/bambloc\/","url":"https:\/\/promis.ro\/product\/bambloc\/","name":"BAMBLOC - Promis.ro","isPartOf":{"@id":"https:\/\/promis.ro\/#website"},"primaryImageOfPage":{"@id":"https:\/\/promis.ro\/product\/bambloc\/#primaryimage"},"image":{"@id":"https:\/\/promis.ro\/product\/bambloc\/#primaryimage"},"thumbnailUrl":"https:\/\/promis.ro\/wp-content\/uploads\/2025\/10\/mo9435-40.jpg","datePublished":"2025-10-31T20:34:22+00:00","dateModified":"2025-11-05T13:11:43+00:00","description":"Notebook din bambus cu stilou, cu linii","breadcrumb":{"@id":"https:\/\/promis.ro\/product\/bambloc\/#breadcrumb"},"inLanguage":"ro-RO","potentialAction":[{"@type":"ReadAction","target":["https:\/\/promis.ro\/product\/bambloc\/"]}]},{"@type":"ImageObject","inLanguage":"ro-RO","@id":"https:\/\/promis.ro\/product\/bambloc\/#primaryimage","url":"https:\/\/promis.ro\/wp-content\/uploads\/2025\/10\/mo9435-40.jpg","contentUrl":"https:\/\/promis.ro\/wp-content\/uploads\/2025\/10\/mo9435-40.jpg","width":700,"height":700},{"@type":"BreadcrumbList","@id":"https:\/\/promis.ro\/product\/bambloc\/#breadcrumb","itemListElement":[{"@type":"ListItem","position":1,"name":"Home","item":"https:\/\/promis.ro\/"},{"@type":"ListItem","position":2,"name":"Magazin","item":"https:\/\/promis.ro\/magazin\/"},{"@type":"ListItem","position":3,"name":"BAMBLOC"}]},{"@type":"WebSite","@id":"https:\/\/promis.ro\/#website","url":"https:\/\/promis.ro\/","name":"Promis.ro","description":"","potentialAction":[{"@type":"SearchAction","target":{"@type":"EntryPoint","urlTemplate":"https:\/\/promis.ro\/?s={search_term_string}"},"query-input":{"@type":"PropertyValueSpecification","valueRequired":true,"valueName":"search_term_string"}}],"inLanguage":"ro-RO"}]}},"_links":{"self":[{"href":"https:\/\/promis.ro\/ro\/wp-json\/wp\/v2\/product\/78156","targetHints":{"allow":["GET"]}}],"collection":[{"href":"https:\/\/promis.ro\/ro\/wp-json\/wp\/v2\/product"}],"about":[{"href":"https:\/\/promis.ro\/ro\/wp-json\/wp\/v2\/types\/product"}],"replies":[{"embeddable":true,"href":"https:\/\/promis.ro\/ro\/wp-json\/wp\/v2\/comments?post=78156"}],"version-history":[{"count":1,"href":"https:\/\/promis.ro\/ro\/wp-json\/wp\/v2\/product\/78156\/revisions"}],"predecessor-version":[{"id":109631,"href":"https:\/\/promis.ro\/ro\/wp-json\/wp\/v2\/product\/78156\/revisions\/109631"}],"wp:featuredmedia":[{"embeddable":true,"href":"https:\/\/promis.ro\/ro\/wp-json\/wp\/v2\/media\/78152"}],"wp:attachment":[{"href":"https:\/\/promis.ro\/ro\/wp-json\/wp\/v2\/media?parent=78156"}],"wp:term":[{"taxonomy":"product_brand","embeddable":true,"href":"https:\/\/promis.ro\/ro\/wp-json\/wp\/v2\/product_brand?post=78156"},{"taxonomy":"product_cat","embeddable":true,"href":"https:\/\/promis.ro\/ro\/wp-json\/wp\/v2\/product_cat?post=78156"},{"taxonomy":"product_tag","embeddable":true,"href":"https:\/\/promis.ro\/ro\/wp-json\/wp\/v2\/product_tag?post=78156"}],"curies":[{"name":"wp","href":"https:\/\/api.w.org\/{rel}","templated":true}]}}