{"id":78456,"date":"2025-10-31T20:37:26","date_gmt":"2025-10-31T20:37:26","guid":{"rendered":"https:\/\/dev.promis.ro\/product\/piedra\/"},"modified":"2025-11-05T13:12:10","modified_gmt":"2025-11-05T13:12:10","slug":"piedra","status":"publish","type":"product","link":"https:\/\/promis.ro\/ro\/produs\/piedra\/","title":{"rendered":"PIEDRA"},"content":{"rendered":"<p>Caiet cu copert\u0103 din carton reciclat. S\u00e2rm\u0103 dubl\u0103. 140 de pagini de h\u00e2rtie mineral\u0103 liniat\u0103 (70 de foi). H\u00e2rtia mineral\u0103 este fabricat\u0103 din carbonat de calciu \u0219i HDPE (r\u0103\u0219in\u0103 de polietilen\u0103) utilizat\u0103 ca leg\u0103tur\u0103. Este impermeabil\u0103 \u0219i rezistent\u0103 la gr\u0103sime.<\/p>","protected":false},"excerpt":{"rendered":"<p>Notebook din h\u00e2rtie mineral\u0103 70 linii<\/p>","protected":false},"featured_media":78439,"comment_status":"open","ping_status":"closed","template":"","meta":[],"product_brand":[],"product_cat":[175],"product_tag":[],"class_list":{"0":"post-78456","1":"product","2":"type-product","3":"status-publish","4":"has-post-thumbnail","6":"product_cat-scris","8":"first","9":"instock","10":"shipping-taxable","11":"purchasable","12":"product-type-variable"},"_links":{"self":[{"href":"https:\/\/promis.ro\/ro\/wp-json\/wp\/v2\/product\/78456","targetHints":{"allow":["GET"]}}],"collection":[{"href":"https:\/\/promis.ro\/ro\/wp-json\/wp\/v2\/product"}],"about":[{"href":"https:\/\/promis.ro\/ro\/wp-json\/wp\/v2\/types\/product"}],"replies":[{"embeddable":true,"href":"https:\/\/promis.ro\/ro\/wp-json\/wp\/v2\/comments?post=78456"}],"version-history":[{"count":1,"href":"https:\/\/promis.ro\/ro\/wp-json\/wp\/v2\/product\/78456\/revisions"}],"predecessor-version":[{"id":109644,"href":"https:\/\/promis.ro\/ro\/wp-json\/wp\/v2\/product\/78456\/revisions\/109644"}],"wp:featuredmedia":[{"embeddable":true,"href":"https:\/\/promis.ro\/ro\/wp-json\/wp\/v2\/media\/78439"}],"wp:attachment":[{"href":"https:\/\/promis.ro\/ro\/wp-json\/wp\/v2\/media?parent=78456"}],"wp:term":[{"taxonomy":"product_brand","embeddable":true,"href":"https:\/\/promis.ro\/ro\/wp-json\/wp\/v2\/product_brand?post=78456"},{"taxonomy":"product_cat","embeddable":true,"href":"https:\/\/promis.ro\/ro\/wp-json\/wp\/v2\/product_cat?post=78456"},{"taxonomy":"product_tag","embeddable":true,"href":"https:\/\/promis.ro\/ro\/wp-json\/wp\/v2\/product_tag?post=78456"}],"curies":[{"name":"wp","href":"https:\/\/api.w.org\/{rel}","templated":true}]}}