{"id":78461,"date":"2025-10-31T20:37:30","date_gmt":"2025-10-31T20:37:30","guid":{"rendered":"https:\/\/dev.promis.ro\/product\/blacklet\/"},"modified":"2025-11-05T13:12:15","modified_gmt":"2025-11-05T13:12:15","slug":"blacklet","status":"publish","type":"product","link":"https:\/\/promis.ro\/ro\/produs\/blacklet\/","title":{"rendered":"BLACKLET"},"content":{"rendered":"<table> 8.5 inch LCD writing tablet, inclusiv stilou de scris. Ap\u0103sa\u021bi butonul pentru a \u0219terge desenul dumneavoastr\u0103. Forma sub\u021bire \u00eel face un articol ideal de luat peste tot cu dumneavoastr\u0103. 1 baterie CR2020 inclus\u0103. <\/table>","protected":false},"excerpt":{"rendered":"<p>Tablet\u0103 de scris LCD de 8.5 inch<\/p>","protected":false},"featured_media":78457,"comment_status":"open","ping_status":"closed","template":"","meta":[],"product_brand":[],"product_cat":[170],"product_tag":[],"class_list":{"0":"post-78461","1":"product","2":"type-product","3":"status-publish","4":"has-post-thumbnail","6":"product_cat-tehnologie-si-accesorii","8":"first","9":"instock","10":"shipping-taxable","11":"purchasable","12":"product-type-simple"},"_links":{"self":[{"href":"https:\/\/promis.ro\/ro\/wp-json\/wp\/v2\/product\/78461","targetHints":{"allow":["GET"]}}],"collection":[{"href":"https:\/\/promis.ro\/ro\/wp-json\/wp\/v2\/product"}],"about":[{"href":"https:\/\/promis.ro\/ro\/wp-json\/wp\/v2\/types\/product"}],"replies":[{"embeddable":true,"href":"https:\/\/promis.ro\/ro\/wp-json\/wp\/v2\/comments?post=78461"}],"version-history":[{"count":1,"href":"https:\/\/promis.ro\/ro\/wp-json\/wp\/v2\/product\/78461\/revisions"}],"predecessor-version":[{"id":109646,"href":"https:\/\/promis.ro\/ro\/wp-json\/wp\/v2\/product\/78461\/revisions\/109646"}],"wp:featuredmedia":[{"embeddable":true,"href":"https:\/\/promis.ro\/ro\/wp-json\/wp\/v2\/media\/78457"}],"wp:attachment":[{"href":"https:\/\/promis.ro\/ro\/wp-json\/wp\/v2\/media?parent=78461"}],"wp:term":[{"taxonomy":"product_brand","embeddable":true,"href":"https:\/\/promis.ro\/ro\/wp-json\/wp\/v2\/product_brand?post=78461"},{"taxonomy":"product_cat","embeddable":true,"href":"https:\/\/promis.ro\/ro\/wp-json\/wp\/v2\/product_cat?post=78461"},{"taxonomy":"product_tag","embeddable":true,"href":"https:\/\/promis.ro\/ro\/wp-json\/wp\/v2\/product_tag?post=78461"}],"curies":[{"name":"wp","href":"https:\/\/api.w.org\/{rel}","templated":true}]}}