{"id":78468,"date":"2025-10-31T20:37:34","date_gmt":"2025-10-31T20:37:34","guid":{"rendered":"https:\/\/dev.promis.ro\/product\/spot-eight\/"},"modified":"2025-11-05T13:12:06","modified_gmt":"2025-11-05T13:12:06","slug":"spot-eight","status":"publish","type":"product","link":"https:\/\/promis.ro\/ro\/produs\/spot-eight\/","title":{"rendered":"SPOT EIGHT"},"content":{"rendered":"<p>Sticl\u0103 sport pentru b\u0103ut cu m\u00e2nere convenabile din plastic PE solid, care este f\u0103r\u0103 BPA. Capacitate: 500 ml. F\u0103r\u0103 scurgeri.<\/p>","protected":false},"excerpt":{"rendered":"<p>Sticl\u0103 sport 500ml<\/p>","protected":false},"featured_media":78462,"comment_status":"open","ping_status":"closed","template":"","meta":[],"product_brand":[],"product_cat":[172],"product_tag":[],"class_list":{"0":"post-78468","1":"product","2":"type-product","3":"status-publish","4":"has-post-thumbnail","6":"product_cat-cani-borcane-si-thermosuri","8":"first","9":"instock","10":"shipping-taxable","11":"purchasable","12":"product-type-variable"},"_links":{"self":[{"href":"https:\/\/promis.ro\/ro\/wp-json\/wp\/v2\/product\/78468","targetHints":{"allow":["GET"]}}],"collection":[{"href":"https:\/\/promis.ro\/ro\/wp-json\/wp\/v2\/product"}],"about":[{"href":"https:\/\/promis.ro\/ro\/wp-json\/wp\/v2\/types\/product"}],"replies":[{"embeddable":true,"href":"https:\/\/promis.ro\/ro\/wp-json\/wp\/v2\/comments?post=78468"}],"version-history":[{"count":1,"href":"https:\/\/promis.ro\/ro\/wp-json\/wp\/v2\/product\/78468\/revisions"}],"predecessor-version":[{"id":109642,"href":"https:\/\/promis.ro\/ro\/wp-json\/wp\/v2\/product\/78468\/revisions\/109642"}],"wp:featuredmedia":[{"embeddable":true,"href":"https:\/\/promis.ro\/ro\/wp-json\/wp\/v2\/media\/78462"}],"wp:attachment":[{"href":"https:\/\/promis.ro\/ro\/wp-json\/wp\/v2\/media?parent=78468"}],"wp:term":[{"taxonomy":"product_brand","embeddable":true,"href":"https:\/\/promis.ro\/ro\/wp-json\/wp\/v2\/product_brand?post=78468"},{"taxonomy":"product_cat","embeddable":true,"href":"https:\/\/promis.ro\/ro\/wp-json\/wp\/v2\/product_cat?post=78468"},{"taxonomy":"product_tag","embeddable":true,"href":"https:\/\/promis.ro\/ro\/wp-json\/wp\/v2\/product_tag?post=78468"}],"curies":[{"name":"wp","href":"https:\/\/api.w.org\/{rel}","templated":true}]}}