{"id":78481,"date":"2025-10-31T20:37:42","date_gmt":"2025-10-31T20:37:42","guid":{"rendered":"https:\/\/dev.promis.ro\/product\/iceland\/"},"modified":"2025-11-05T13:12:23","modified_gmt":"2025-11-05T13:12:23","slug":"iceland","status":"publish","type":"product","link":"https:\/\/promis.ro\/ro\/produs\/iceland\/","title":{"rendered":"ICELAND"},"content":{"rendered":"<p>Flacon din o\u021bel inoxidabil cu dou\u0103 pere\u021bi, acoperit cu pulbere, cu m\u00e2nere din silicon pentru o transportare u\u0219oar\u0103. F\u0103r\u0103 scurgeri. Capacitate: 600 ml. F\u0103r\u0103 scurgeri.<\/p>","protected":false},"excerpt":{"rendered":"<p>Sticl\u0103 cu perete dublu 600 ml<\/p>","protected":false},"featured_media":78469,"comment_status":"open","ping_status":"closed","template":"","meta":[],"product_brand":[],"product_cat":[172],"product_tag":[],"class_list":{"0":"post-78481","1":"product","2":"type-product","3":"status-publish","4":"has-post-thumbnail","6":"product_cat-cani-borcane-si-thermosuri","8":"first","9":"instock","10":"shipping-taxable","11":"purchasable","12":"product-type-variable"},"_links":{"self":[{"href":"https:\/\/promis.ro\/ro\/wp-json\/wp\/v2\/product\/78481","targetHints":{"allow":["GET"]}}],"collection":[{"href":"https:\/\/promis.ro\/ro\/wp-json\/wp\/v2\/product"}],"about":[{"href":"https:\/\/promis.ro\/ro\/wp-json\/wp\/v2\/types\/product"}],"replies":[{"embeddable":true,"href":"https:\/\/promis.ro\/ro\/wp-json\/wp\/v2\/comments?post=78481"}],"version-history":[{"count":1,"href":"https:\/\/promis.ro\/ro\/wp-json\/wp\/v2\/product\/78481\/revisions"}],"predecessor-version":[{"id":109650,"href":"https:\/\/promis.ro\/ro\/wp-json\/wp\/v2\/product\/78481\/revisions\/109650"}],"wp:featuredmedia":[{"embeddable":true,"href":"https:\/\/promis.ro\/ro\/wp-json\/wp\/v2\/media\/78469"}],"wp:attachment":[{"href":"https:\/\/promis.ro\/ro\/wp-json\/wp\/v2\/media?parent=78481"}],"wp:term":[{"taxonomy":"product_brand","embeddable":true,"href":"https:\/\/promis.ro\/ro\/wp-json\/wp\/v2\/product_brand?post=78481"},{"taxonomy":"product_cat","embeddable":true,"href":"https:\/\/promis.ro\/ro\/wp-json\/wp\/v2\/product_cat?post=78481"},{"taxonomy":"product_tag","embeddable":true,"href":"https:\/\/promis.ro\/ro\/wp-json\/wp\/v2\/product_tag?post=78481"}],"curies":[{"name":"wp","href":"https:\/\/api.w.org\/{rel}","templated":true}]}}