{"id":78485,"date":"2025-10-31T20:37:44","date_gmt":"2025-10-31T20:37:44","guid":{"rendered":"https:\/\/dev.promis.ro\/product\/foldnote\/"},"modified":"2025-11-05T13:12:12","modified_gmt":"2025-11-05T13:12:12","slug":"foldnote","status":"publish","type":"product","link":"https:\/\/promis.ro\/ro\/produs\/foldnote\/","title":{"rendered":"FOLDNOTE"},"content":{"rendered":"<p>Cardholder din h\u00e2rtie kraft. Blocuri de note autocolante medii din h\u00e2rtie reciclata galben\u0103 \u0219i 5 marcatoare de pagin\u0103 \u00een culori assortite. Curea de \u00eenchidere elastic\u0103.<\/p>","protected":false},"excerpt":{"rendered":"<p>Suport pentru carduri cu set de memo<\/p>","protected":false},"featured_media":78482,"comment_status":"open","ping_status":"closed","template":"","meta":[],"product_brand":[],"product_cat":[171],"product_tag":[],"class_list":{"0":"post-78485","1":"product","2":"type-product","3":"status-publish","4":"has-post-thumbnail","6":"product_cat-birou-si-business","8":"first","9":"instock","10":"shipping-taxable","11":"purchasable","12":"product-type-simple"},"_links":{"self":[{"href":"https:\/\/promis.ro\/ro\/wp-json\/wp\/v2\/product\/78485","targetHints":{"allow":["GET"]}}],"collection":[{"href":"https:\/\/promis.ro\/ro\/wp-json\/wp\/v2\/product"}],"about":[{"href":"https:\/\/promis.ro\/ro\/wp-json\/wp\/v2\/types\/product"}],"replies":[{"embeddable":true,"href":"https:\/\/promis.ro\/ro\/wp-json\/wp\/v2\/comments?post=78485"}],"version-history":[{"count":1,"href":"https:\/\/promis.ro\/ro\/wp-json\/wp\/v2\/product\/78485\/revisions"}],"predecessor-version":[{"id":109645,"href":"https:\/\/promis.ro\/ro\/wp-json\/wp\/v2\/product\/78485\/revisions\/109645"}],"wp:featuredmedia":[{"embeddable":true,"href":"https:\/\/promis.ro\/ro\/wp-json\/wp\/v2\/media\/78482"}],"wp:attachment":[{"href":"https:\/\/promis.ro\/ro\/wp-json\/wp\/v2\/media?parent=78485"}],"wp:term":[{"taxonomy":"product_brand","embeddable":true,"href":"https:\/\/promis.ro\/ro\/wp-json\/wp\/v2\/product_brand?post=78485"},{"taxonomy":"product_cat","embeddable":true,"href":"https:\/\/promis.ro\/ro\/wp-json\/wp\/v2\/product_cat?post=78485"},{"taxonomy":"product_tag","embeddable":true,"href":"https:\/\/promis.ro\/ro\/wp-json\/wp\/v2\/product_tag?post=78485"}],"curies":[{"name":"wp","href":"https:\/\/api.w.org\/{rel}","templated":true}]}}