{"id":78503,"date":"2025-10-31T20:37:56","date_gmt":"2025-10-31T20:37:56","guid":{"rendered":"https:\/\/dev.promis.ro\/product\/mint\/"},"modified":"2025-11-05T13:12:17","modified_gmt":"2025-11-05T13:12:17","slug":"mint","status":"publish","type":"product","link":"https:\/\/promis.ro\/ro\/produs\/mint\/","title":{"rendered":"MINT"},"content":{"rendered":"<p>Sac cu semin\u021be de ment\u0103. Prin ad\u0103ugarea a 300ml ap\u0103 ob\u021bine\u021bi 1 litru de compost pentru gr\u0103din\u0103.<\/p>","protected":false},"excerpt":{"rendered":"<p>Compost cu semin\u021be &#8220;MINT&#8221;<\/p>","protected":false},"featured_media":78499,"comment_status":"open","ping_status":"closed","template":"","meta":[],"product_brand":[],"product_cat":[176],"product_tag":[],"class_list":{"0":"post-78503","1":"product","2":"type-product","3":"status-publish","4":"has-post-thumbnail","6":"product_cat-sport-si-aventura","8":"first","9":"instock","10":"shipping-taxable","11":"purchasable","12":"product-type-simple"},"_links":{"self":[{"href":"https:\/\/promis.ro\/ro\/wp-json\/wp\/v2\/product\/78503","targetHints":{"allow":["GET"]}}],"collection":[{"href":"https:\/\/promis.ro\/ro\/wp-json\/wp\/v2\/product"}],"about":[{"href":"https:\/\/promis.ro\/ro\/wp-json\/wp\/v2\/types\/product"}],"replies":[{"embeddable":true,"href":"https:\/\/promis.ro\/ro\/wp-json\/wp\/v2\/comments?post=78503"}],"version-history":[{"count":2,"href":"https:\/\/promis.ro\/ro\/wp-json\/wp\/v2\/product\/78503\/revisions"}],"predecessor-version":[{"id":109647,"href":"https:\/\/promis.ro\/ro\/wp-json\/wp\/v2\/product\/78503\/revisions\/109647"}],"wp:featuredmedia":[{"embeddable":true,"href":"https:\/\/promis.ro\/ro\/wp-json\/wp\/v2\/media\/78499"}],"wp:attachment":[{"href":"https:\/\/promis.ro\/ro\/wp-json\/wp\/v2\/media?parent=78503"}],"wp:term":[{"taxonomy":"product_brand","embeddable":true,"href":"https:\/\/promis.ro\/ro\/wp-json\/wp\/v2\/product_brand?post=78503"},{"taxonomy":"product_cat","embeddable":true,"href":"https:\/\/promis.ro\/ro\/wp-json\/wp\/v2\/product_cat?post=78503"},{"taxonomy":"product_tag","embeddable":true,"href":"https:\/\/promis.ro\/ro\/wp-json\/wp\/v2\/product_tag?post=78503"}],"curies":[{"name":"wp","href":"https:\/\/api.w.org\/{rel}","templated":true}]}}