{"id":78520,"date":"2025-10-31T20:38:06","date_gmt":"2025-10-31T20:38:06","guid":{"rendered":"https:\/\/dev.promis.ro\/product\/joggy\/"},"modified":"2025-11-05T13:12:31","modified_gmt":"2025-11-05T13:12:31","slug":"joggy","status":"publish","type":"product","link":"https:\/\/promis.ro\/ro\/produs\/joggy\/","title":{"rendered":"JOGGY"},"content":{"rendered":"<p>Rucsac sport pliabil din poliester ripstop cu deschidere frontal\u0103 cu fermoar, curea de um\u0103r din plas\u0103 \u0219i pouch deta\u0219abil.<\/p>","protected":false},"excerpt":{"rendered":"<p>Rucsac sportiv din ripstop<\/p>","protected":false},"featured_media":78518,"comment_status":"open","ping_status":"closed","template":"","meta":[],"product_brand":[],"product_cat":[169],"product_tag":[],"class_list":{"0":"post-78520","1":"product","2":"type-product","3":"status-publish","4":"has-post-thumbnail","6":"product_cat-ghiozdane","8":"first","9":"instock","10":"shipping-taxable","11":"purchasable","12":"product-type-variable"},"_links":{"self":[{"href":"https:\/\/promis.ro\/ro\/wp-json\/wp\/v2\/product\/78520","targetHints":{"allow":["GET"]}}],"collection":[{"href":"https:\/\/promis.ro\/ro\/wp-json\/wp\/v2\/product"}],"about":[{"href":"https:\/\/promis.ro\/ro\/wp-json\/wp\/v2\/types\/product"}],"replies":[{"embeddable":true,"href":"https:\/\/promis.ro\/ro\/wp-json\/wp\/v2\/comments?post=78520"}],"version-history":[{"count":1,"href":"https:\/\/promis.ro\/ro\/wp-json\/wp\/v2\/product\/78520\/revisions"}],"predecessor-version":[{"id":109654,"href":"https:\/\/promis.ro\/ro\/wp-json\/wp\/v2\/product\/78520\/revisions\/109654"}],"wp:featuredmedia":[{"embeddable":true,"href":"https:\/\/promis.ro\/ro\/wp-json\/wp\/v2\/media\/78518"}],"wp:attachment":[{"href":"https:\/\/promis.ro\/ro\/wp-json\/wp\/v2\/media?parent=78520"}],"wp:term":[{"taxonomy":"product_brand","embeddable":true,"href":"https:\/\/promis.ro\/ro\/wp-json\/wp\/v2\/product_brand?post=78520"},{"taxonomy":"product_cat","embeddable":true,"href":"https:\/\/promis.ro\/ro\/wp-json\/wp\/v2\/product_cat?post=78520"},{"taxonomy":"product_tag","embeddable":true,"href":"https:\/\/promis.ro\/ro\/wp-json\/wp\/v2\/product_tag?post=78520"}],"curies":[{"name":"wp","href":"https:\/\/api.w.org\/{rel}","templated":true}]}}