{"id":78528,"date":"2025-10-31T20:38:11","date_gmt":"2025-10-31T20:38:11","guid":{"rendered":"https:\/\/dev.promis.ro\/product\/toolbox\/"},"modified":"2025-11-05T13:12:29","modified_gmt":"2025-11-05T13:12:29","slug":"toolbox","status":"publish","type":"product","link":"https:\/\/promis.ro\/ro\/produs\/toolbox\/","title":{"rendered":"TOOLBOX"},"content":{"rendered":"<p>Set de unelte de reparare cu \u0219urubelni\u021be de precizie mici, format din 24 de piese, \u00eentr-o carcas\u0103 din ABS cu \u00eenchidere magnetic\u0103, cu deschidere prin ap\u0103sare.<\/p>","protected":false},"excerpt":{"rendered":"<p>Set de 24 de \u0219urubelni\u021be \u00een cutie<\/p>","protected":false},"featured_media":78524,"comment_status":"open","ping_status":"closed","template":"","meta":[],"product_brand":[],"product_cat":[184],"product_tag":[],"class_list":{"0":"post-78528","1":"product","2":"type-product","3":"status-publish","4":"has-post-thumbnail","6":"product_cat-unelte-pentru-bricolaj-si-masini","8":"first","9":"instock","10":"shipping-taxable","11":"purchasable","12":"product-type-simple"},"_links":{"self":[{"href":"https:\/\/promis.ro\/ro\/wp-json\/wp\/v2\/product\/78528","targetHints":{"allow":["GET"]}}],"collection":[{"href":"https:\/\/promis.ro\/ro\/wp-json\/wp\/v2\/product"}],"about":[{"href":"https:\/\/promis.ro\/ro\/wp-json\/wp\/v2\/types\/product"}],"replies":[{"embeddable":true,"href":"https:\/\/promis.ro\/ro\/wp-json\/wp\/v2\/comments?post=78528"}],"version-history":[{"count":1,"href":"https:\/\/promis.ro\/ro\/wp-json\/wp\/v2\/product\/78528\/revisions"}],"predecessor-version":[{"id":109653,"href":"https:\/\/promis.ro\/ro\/wp-json\/wp\/v2\/product\/78528\/revisions\/109653"}],"wp:featuredmedia":[{"embeddable":true,"href":"https:\/\/promis.ro\/ro\/wp-json\/wp\/v2\/media\/78524"}],"wp:attachment":[{"href":"https:\/\/promis.ro\/ro\/wp-json\/wp\/v2\/media?parent=78528"}],"wp:term":[{"taxonomy":"product_brand","embeddable":true,"href":"https:\/\/promis.ro\/ro\/wp-json\/wp\/v2\/product_brand?post=78528"},{"taxonomy":"product_cat","embeddable":true,"href":"https:\/\/promis.ro\/ro\/wp-json\/wp\/v2\/product_cat?post=78528"},{"taxonomy":"product_tag","embeddable":true,"href":"https:\/\/promis.ro\/ro\/wp-json\/wp\/v2\/product_tag?post=78528"}],"curies":[{"name":"wp","href":"https:\/\/api.w.org\/{rel}","templated":true}]}}