{"id":78535,"date":"2025-10-31T20:38:14","date_gmt":"2025-10-31T20:38:14","guid":{"rendered":"https:\/\/dev.promis.ro\/product\/pisa\/"},"modified":"2025-11-05T13:12:27","modified_gmt":"2025-11-05T13:12:27","slug":"pisa","status":"publish","type":"product","link":"https:\/\/promis.ro\/ro\/produs\/pisa\/","title":{"rendered":"PISA"},"content":{"rendered":"<p>Turnul din lemn care se r\u0103stoarn\u0103 (54 de blocuri) \u00eentr-un sac din bumbac.<\/p>","protected":false},"excerpt":{"rendered":"<p>Joc de turn \u00een pung\u0103 din bumbac<\/p>","protected":false},"featured_media":78529,"comment_status":"open","ping_status":"closed","template":"","meta":[],"product_brand":[],"product_cat":[182],"product_tag":[],"class_list":{"0":"post-78535","1":"product","2":"type-product","3":"status-publish","4":"has-post-thumbnail","6":"product_cat-copii","8":"first","9":"instock","10":"shipping-taxable","11":"purchasable","12":"product-type-simple"},"_links":{"self":[{"href":"https:\/\/promis.ro\/ro\/wp-json\/wp\/v2\/product\/78535","targetHints":{"allow":["GET"]}}],"collection":[{"href":"https:\/\/promis.ro\/ro\/wp-json\/wp\/v2\/product"}],"about":[{"href":"https:\/\/promis.ro\/ro\/wp-json\/wp\/v2\/types\/product"}],"replies":[{"embeddable":true,"href":"https:\/\/promis.ro\/ro\/wp-json\/wp\/v2\/comments?post=78535"}],"version-history":[{"count":1,"href":"https:\/\/promis.ro\/ro\/wp-json\/wp\/v2\/product\/78535\/revisions"}],"predecessor-version":[{"id":109652,"href":"https:\/\/promis.ro\/ro\/wp-json\/wp\/v2\/product\/78535\/revisions\/109652"}],"wp:featuredmedia":[{"embeddable":true,"href":"https:\/\/promis.ro\/ro\/wp-json\/wp\/v2\/media\/78529"}],"wp:attachment":[{"href":"https:\/\/promis.ro\/ro\/wp-json\/wp\/v2\/media?parent=78535"}],"wp:term":[{"taxonomy":"product_brand","embeddable":true,"href":"https:\/\/promis.ro\/ro\/wp-json\/wp\/v2\/product_brand?post=78535"},{"taxonomy":"product_cat","embeddable":true,"href":"https:\/\/promis.ro\/ro\/wp-json\/wp\/v2\/product_cat?post=78535"},{"taxonomy":"product_tag","embeddable":true,"href":"https:\/\/promis.ro\/ro\/wp-json\/wp\/v2\/product_tag?post=78535"}],"curies":[{"name":"wp","href":"https:\/\/api.w.org\/{rel}","templated":true}]}}