{"id":78566,"date":"2025-10-31T20:38:36","date_gmt":"2025-10-31T20:38:36","guid":{"rendered":"https:\/\/dev.promis.ro\/product\/lips\/"},"modified":"2025-11-05T13:12:40","modified_gmt":"2025-11-05T13:12:40","slug":"lips","status":"publish","type":"product","link":"https:\/\/promis.ro\/ro\/produs\/lips\/","title":{"rendered":"LIPS"},"content":{"rendered":"<p>Balsam de buze natural \u00een form\u0103 de bil\u0103, prezentat \u00eentr-o cutie p\u0103trat\u0103 din ABS. Testat dermatologic. SPF10. Arom\u0103: Vanilie.<\/p>","protected":false},"excerpt":{"rendered":"<p>Balsam de buze \u00een cutie cubic\u0103<\/p>","protected":false},"featured_media":78556,"comment_status":"open","ping_status":"closed","template":"","meta":[],"product_brand":[],"product_cat":[181],"product_tag":[],"class_list":{"0":"post-78566","1":"product","2":"type-product","3":"status-publish","4":"has-post-thumbnail","6":"product_cat-ingrijire-personala-si-farmaceutica","8":"first","9":"instock","10":"shipping-taxable","11":"purchasable","12":"product-type-variable"},"_links":{"self":[{"href":"https:\/\/promis.ro\/ro\/wp-json\/wp\/v2\/product\/78566","targetHints":{"allow":["GET"]}}],"collection":[{"href":"https:\/\/promis.ro\/ro\/wp-json\/wp\/v2\/product"}],"about":[{"href":"https:\/\/promis.ro\/ro\/wp-json\/wp\/v2\/types\/product"}],"replies":[{"embeddable":true,"href":"https:\/\/promis.ro\/ro\/wp-json\/wp\/v2\/comments?post=78566"}],"version-history":[{"count":1,"href":"https:\/\/promis.ro\/ro\/wp-json\/wp\/v2\/product\/78566\/revisions"}],"predecessor-version":[{"id":109658,"href":"https:\/\/promis.ro\/ro\/wp-json\/wp\/v2\/product\/78566\/revisions\/109658"}],"wp:featuredmedia":[{"embeddable":true,"href":"https:\/\/promis.ro\/ro\/wp-json\/wp\/v2\/media\/78556"}],"wp:attachment":[{"href":"https:\/\/promis.ro\/ro\/wp-json\/wp\/v2\/media?parent=78566"}],"wp:term":[{"taxonomy":"product_brand","embeddable":true,"href":"https:\/\/promis.ro\/ro\/wp-json\/wp\/v2\/product_brand?post=78566"},{"taxonomy":"product_cat","embeddable":true,"href":"https:\/\/promis.ro\/ro\/wp-json\/wp\/v2\/product_cat?post=78566"},{"taxonomy":"product_tag","embeddable":true,"href":"https:\/\/promis.ro\/ro\/wp-json\/wp\/v2\/product_tag?post=78566"}],"curies":[{"name":"wp","href":"https:\/\/api.w.org\/{rel}","templated":true}]}}