{"id":78570,"date":"2025-10-31T20:38:39","date_gmt":"2025-10-31T20:38:39","guid":{"rendered":"https:\/\/dev.promis.ro\/product\/meter\/"},"modified":"2025-11-05T13:12:38","modified_gmt":"2025-11-05T13:12:38","slug":"meter","status":"publish","type":"product","link":"https:\/\/promis.ro\/ro\/produs\/meter\/","title":{"rendered":"METER"},"content":{"rendered":"<p>Ruler de t\u00e2mpl\u0103rie pliabil de 1 metru, fabricat din fibr\u0103 de sticl\u0103. B\u0103\u021b de m\u0103surare \u00een centimetri (cm).<\/p>","protected":false},"excerpt":{"rendered":"<p>Rigl\u0103 pliant\u0103 1m<\/p>","protected":false},"featured_media":78567,"comment_status":"open","ping_status":"closed","template":"","meta":[],"product_brand":[],"product_cat":[184],"product_tag":[],"class_list":{"0":"post-78570","1":"product","2":"type-product","3":"status-publish","4":"has-post-thumbnail","6":"product_cat-unelte-pentru-bricolaj-si-masini","8":"first","9":"instock","10":"shipping-taxable","11":"purchasable","12":"product-type-simple"},"_links":{"self":[{"href":"https:\/\/promis.ro\/ro\/wp-json\/wp\/v2\/product\/78570","targetHints":{"allow":["GET"]}}],"collection":[{"href":"https:\/\/promis.ro\/ro\/wp-json\/wp\/v2\/product"}],"about":[{"href":"https:\/\/promis.ro\/ro\/wp-json\/wp\/v2\/types\/product"}],"replies":[{"embeddable":true,"href":"https:\/\/promis.ro\/ro\/wp-json\/wp\/v2\/comments?post=78570"}],"version-history":[{"count":1,"href":"https:\/\/promis.ro\/ro\/wp-json\/wp\/v2\/product\/78570\/revisions"}],"predecessor-version":[{"id":109657,"href":"https:\/\/promis.ro\/ro\/wp-json\/wp\/v2\/product\/78570\/revisions\/109657"}],"wp:featuredmedia":[{"embeddable":true,"href":"https:\/\/promis.ro\/ro\/wp-json\/wp\/v2\/media\/78567"}],"wp:attachment":[{"href":"https:\/\/promis.ro\/ro\/wp-json\/wp\/v2\/media?parent=78570"}],"wp:term":[{"taxonomy":"product_brand","embeddable":true,"href":"https:\/\/promis.ro\/ro\/wp-json\/wp\/v2\/product_brand?post=78570"},{"taxonomy":"product_cat","embeddable":true,"href":"https:\/\/promis.ro\/ro\/wp-json\/wp\/v2\/product_cat?post=78570"},{"taxonomy":"product_tag","embeddable":true,"href":"https:\/\/promis.ro\/ro\/wp-json\/wp\/v2\/product_tag?post=78570"}],"curies":[{"name":"wp","href":"https:\/\/api.w.org\/{rel}","templated":true}]}}