{"id":78579,"date":"2025-10-31T20:38:44","date_gmt":"2025-10-31T20:38:44","guid":{"rendered":"https:\/\/dev.promis.ro\/product\/portobello\/"},"modified":"2025-11-05T13:12:44","modified_gmt":"2025-11-05T13:12:44","slug":"portobello","status":"publish","type":"product","link":"https:\/\/promis.ro\/ro\/produs\/portobello\/","title":{"rendered":"PORTOBELLO"},"content":{"rendered":"<p>Geant\u0103 de cump\u0103r\u0103turi din bumbac cu m\u00e2nere lungi \u0219i pliuri. 140 gr\/m\u00b2. Acest produs este certificat OEKO-TEX\u00ae STANDARD 100.<\/p>","protected":false},"excerpt":{"rendered":"<p>sac de cump\u0103r\u0103turi din bumbac 140gr\/m\u00b2<\/p>","protected":false},"featured_media":78576,"comment_status":"open","ping_status":"closed","template":"","meta":[],"product_brand":[],"product_cat":[174],"product_tag":[],"class_list":{"0":"post-78579","1":"product","2":"type-product","3":"status-publish","4":"has-post-thumbnail","6":"product_cat-pungi","8":"first","9":"instock","10":"shipping-taxable","11":"purchasable","12":"product-type-simple"},"_links":{"self":[{"href":"https:\/\/promis.ro\/ro\/wp-json\/wp\/v2\/product\/78579","targetHints":{"allow":["GET"]}}],"collection":[{"href":"https:\/\/promis.ro\/ro\/wp-json\/wp\/v2\/product"}],"about":[{"href":"https:\/\/promis.ro\/ro\/wp-json\/wp\/v2\/types\/product"}],"replies":[{"embeddable":true,"href":"https:\/\/promis.ro\/ro\/wp-json\/wp\/v2\/comments?post=78579"}],"version-history":[{"count":1,"href":"https:\/\/promis.ro\/ro\/wp-json\/wp\/v2\/product\/78579\/revisions"}],"predecessor-version":[{"id":109660,"href":"https:\/\/promis.ro\/ro\/wp-json\/wp\/v2\/product\/78579\/revisions\/109660"}],"wp:featuredmedia":[{"embeddable":true,"href":"https:\/\/promis.ro\/ro\/wp-json\/wp\/v2\/media\/78576"}],"wp:attachment":[{"href":"https:\/\/promis.ro\/ro\/wp-json\/wp\/v2\/media?parent=78579"}],"wp:term":[{"taxonomy":"product_brand","embeddable":true,"href":"https:\/\/promis.ro\/ro\/wp-json\/wp\/v2\/product_brand?post=78579"},{"taxonomy":"product_cat","embeddable":true,"href":"https:\/\/promis.ro\/ro\/wp-json\/wp\/v2\/product_cat?post=78579"},{"taxonomy":"product_tag","embeddable":true,"href":"https:\/\/promis.ro\/ro\/wp-json\/wp\/v2\/product_tag?post=78579"}],"curies":[{"name":"wp","href":"https:\/\/api.w.org\/{rel}","templated":true}]}}