{"id":78598,"date":"2025-10-31T20:38:56","date_gmt":"2025-10-31T20:38:56","guid":{"rendered":"https:\/\/dev.promis.ro\/product\/portobello-2\/"},"modified":"2025-11-05T13:12:46","modified_gmt":"2025-11-05T13:12:46","slug":"portobello-2","status":"publish","type":"product","link":"https:\/\/promis.ro\/ro\/produs\/portobello-2\/","title":{"rendered":"PORTOBELLO"},"content":{"rendered":"<p>Geant\u0103 de cump\u0103r\u0103turi din bumbac cu m\u00e2nere lungi \u0219i cutie. 140 gr\/m\u00b2. Acest produs este certificat OEKO-TEX\u00ae STANDARD 100.<\/p>","protected":false},"excerpt":{"rendered":"<p>Geant\u0103 de cump\u0103r\u0103turi din bumbac 140gr\/m\u00b2<\/p>","protected":false},"featured_media":78580,"comment_status":"open","ping_status":"closed","template":"","meta":[],"product_brand":[],"product_cat":[174],"product_tag":[],"class_list":{"0":"post-78598","1":"product","2":"type-product","3":"status-publish","4":"has-post-thumbnail","6":"product_cat-pungi","8":"first","9":"instock","10":"shipping-taxable","11":"purchasable","12":"product-type-variable"},"_links":{"self":[{"href":"https:\/\/promis.ro\/ro\/wp-json\/wp\/v2\/product\/78598","targetHints":{"allow":["GET"]}}],"collection":[{"href":"https:\/\/promis.ro\/ro\/wp-json\/wp\/v2\/product"}],"about":[{"href":"https:\/\/promis.ro\/ro\/wp-json\/wp\/v2\/types\/product"}],"replies":[{"embeddable":true,"href":"https:\/\/promis.ro\/ro\/wp-json\/wp\/v2\/comments?post=78598"}],"version-history":[{"count":1,"href":"https:\/\/promis.ro\/ro\/wp-json\/wp\/v2\/product\/78598\/revisions"}],"predecessor-version":[{"id":109661,"href":"https:\/\/promis.ro\/ro\/wp-json\/wp\/v2\/product\/78598\/revisions\/109661"}],"wp:featuredmedia":[{"embeddable":true,"href":"https:\/\/promis.ro\/ro\/wp-json\/wp\/v2\/media\/78580"}],"wp:attachment":[{"href":"https:\/\/promis.ro\/ro\/wp-json\/wp\/v2\/media?parent=78598"}],"wp:term":[{"taxonomy":"product_brand","embeddable":true,"href":"https:\/\/promis.ro\/ro\/wp-json\/wp\/v2\/product_brand?post=78598"},{"taxonomy":"product_cat","embeddable":true,"href":"https:\/\/promis.ro\/ro\/wp-json\/wp\/v2\/product_cat?post=78598"},{"taxonomy":"product_tag","embeddable":true,"href":"https:\/\/promis.ro\/ro\/wp-json\/wp\/v2\/product_tag?post=78598"}],"curies":[{"name":"wp","href":"https:\/\/api.w.org\/{rel}","templated":true}]}}