{"id":79270,"date":"2025-10-31T20:43:06","date_gmt":"2025-10-31T20:43:06","guid":{"rendered":"https:\/\/dev.promis.ro\/product\/flake-charger\/"},"modified":"2025-11-05T13:13:40","modified_gmt":"2025-11-05T13:13:40","slug":"flake-charger","status":"publish","type":"product","link":"https:\/\/promis.ro\/ro\/produs\/flake-charger\/","title":{"rendered":"FLAKE CHARGER"},"content":{"rendered":"<p>\u00cenc\u0103rc\u0103tor wireless. Conecta\u021bi dispozitivul la computerul dumneavoastr\u0103, a\u0219eza\u021bi smartphone-ul pe dispozitiv pentru a \u00eencepe \u00eenc\u0103rcarea. Ie\u0219ire: DC5V\/1A (5W).<\/p>","protected":false},"excerpt":{"rendered":"<p>\u00cenc\u0103rc\u0103tor wireless 5W<\/p>","protected":false},"featured_media":79263,"comment_status":"open","ping_status":"closed","template":"","meta":[],"product_brand":[],"product_cat":[170],"product_tag":[],"class_list":{"0":"post-79270","1":"product","2":"type-product","3":"status-publish","4":"has-post-thumbnail","6":"product_cat-tehnologie-si-accesorii","8":"first","9":"instock","10":"shipping-taxable","11":"purchasable","12":"product-type-simple"},"yoast_head":"<!-- This site is optimized with the Yoast SEO plugin v27.4 - https:\/\/yoast.com\/product\/yoast-seo-wordpress\/ -->\n<title>FLAKE CHARGER - Promis.ro<\/title>\n<meta name=\"description\" content=\"\u00cenc\u0103rc\u0103tor wireless 5W\" \/>\n<meta name=\"robots\" content=\"index, follow, max-snippet:-1, max-image-preview:large, max-video-preview:-1\" \/>\n<link rel=\"canonical\" href=\"https:\/\/promis.ro\/ro\/produs\/flake-charger\/\" \/>\n<meta property=\"og:locale\" content=\"ro_RO\" \/>\n<meta property=\"og:type\" content=\"article\" \/>\n<meta property=\"og:title\" content=\"FLAKE CHARGER - Promis.ro\" \/>\n<meta property=\"og:description\" content=\"\u00cenc\u0103rc\u0103tor wireless 5W\" \/>\n<meta property=\"og:url\" content=\"https:\/\/promis.ro\/ro\/produs\/flake-charger\/\" \/>\n<meta property=\"og:site_name\" content=\"Promis.ro\" \/>\n<meta property=\"article:modified_time\" content=\"2025-11-05T13:13:40+00:00\" \/>\n<meta property=\"og:image\" content=\"https:\/\/promis.ro\/wp-content\/uploads\/2025\/10\/mo9652-06.jpg\" \/>\n\t<meta property=\"og:image:width\" content=\"700\" \/>\n\t<meta property=\"og:image:height\" content=\"700\" \/>\n\t<meta property=\"og:image:type\" content=\"image\/jpeg\" \/>\n<meta name=\"twitter:card\" content=\"summary_large_image\" \/>\n<script type=\"application\/ld+json\" class=\"yoast-schema-graph\">{\"@context\":\"https:\\\/\\\/schema.org\",\"@graph\":[{\"@type\":\"WebPage\",\"@id\":\"https:\\\/\\\/promis.ro\\\/product\\\/flake-charger\\\/\",\"url\":\"https:\\\/\\\/promis.ro\\\/product\\\/flake-charger\\\/\",\"name\":\"FLAKE CHARGER - Promis.ro\",\"isPartOf\":{\"@id\":\"https:\\\/\\\/promis.ro\\\/#website\"},\"primaryImageOfPage\":{\"@id\":\"https:\\\/\\\/promis.ro\\\/product\\\/flake-charger\\\/#primaryimage\"},\"image\":{\"@id\":\"https:\\\/\\\/promis.ro\\\/product\\\/flake-charger\\\/#primaryimage\"},\"thumbnailUrl\":\"https:\\\/\\\/promis.ro\\\/wp-content\\\/uploads\\\/2025\\\/10\\\/mo9652-06.jpg\",\"datePublished\":\"2025-10-31T20:43:06+00:00\",\"dateModified\":\"2025-11-05T13:13:40+00:00\",\"description\":\"\u00cenc\u0103rc\u0103tor wireless 5W\",\"breadcrumb\":{\"@id\":\"https:\\\/\\\/promis.ro\\\/product\\\/flake-charger\\\/#breadcrumb\"},\"inLanguage\":\"ro-RO\",\"potentialAction\":[{\"@type\":\"ReadAction\",\"target\":[\"https:\\\/\\\/promis.ro\\\/product\\\/flake-charger\\\/\"]}]},{\"@type\":\"ImageObject\",\"inLanguage\":\"ro-RO\",\"@id\":\"https:\\\/\\\/promis.ro\\\/product\\\/flake-charger\\\/#primaryimage\",\"url\":\"https:\\\/\\\/promis.ro\\\/wp-content\\\/uploads\\\/2025\\\/10\\\/mo9652-06.jpg\",\"contentUrl\":\"https:\\\/\\\/promis.ro\\\/wp-content\\\/uploads\\\/2025\\\/10\\\/mo9652-06.jpg\",\"width\":700,\"height\":700},{\"@type\":\"BreadcrumbList\",\"@id\":\"https:\\\/\\\/promis.ro\\\/product\\\/flake-charger\\\/#breadcrumb\",\"itemListElement\":[{\"@type\":\"ListItem\",\"position\":1,\"name\":\"Home\",\"item\":\"https:\\\/\\\/promis.ro\\\/\"},{\"@type\":\"ListItem\",\"position\":2,\"name\":\"Magazin\",\"item\":\"https:\\\/\\\/promis.ro\\\/magazin\\\/\"},{\"@type\":\"ListItem\",\"position\":3,\"name\":\"FLAKE CHARGER\"}]},{\"@type\":\"WebSite\",\"@id\":\"https:\\\/\\\/promis.ro\\\/#website\",\"url\":\"https:\\\/\\\/promis.ro\\\/\",\"name\":\"Promis.ro\",\"description\":\"\",\"potentialAction\":[{\"@type\":\"SearchAction\",\"target\":{\"@type\":\"EntryPoint\",\"urlTemplate\":\"https:\\\/\\\/promis.ro\\\/?s={search_term_string}\"},\"query-input\":{\"@type\":\"PropertyValueSpecification\",\"valueRequired\":true,\"valueName\":\"search_term_string\"}}],\"inLanguage\":\"ro-RO\"}]}<\/script>\n<!-- \/ Yoast SEO plugin. -->","yoast_head_json":{"title":"FLAKE CHARGER - Promis.ro","description":"\u00cenc\u0103rc\u0103tor wireless 5W","robots":{"index":"index","follow":"follow","max-snippet":"max-snippet:-1","max-image-preview":"max-image-preview:large","max-video-preview":"max-video-preview:-1"},"canonical":"https:\/\/promis.ro\/ro\/produs\/flake-charger\/","og_locale":"ro_RO","og_type":"article","og_title":"FLAKE CHARGER - Promis.ro","og_description":"\u00cenc\u0103rc\u0103tor wireless 5W","og_url":"https:\/\/promis.ro\/ro\/produs\/flake-charger\/","og_site_name":"Promis.ro","article_modified_time":"2025-11-05T13:13:40+00:00","og_image":[{"width":700,"height":700,"url":"https:\/\/promis.ro\/wp-content\/uploads\/2025\/10\/mo9652-06.jpg","type":"image\/jpeg"}],"twitter_card":"summary_large_image","schema":{"@context":"https:\/\/schema.org","@graph":[{"@type":"WebPage","@id":"https:\/\/promis.ro\/product\/flake-charger\/","url":"https:\/\/promis.ro\/product\/flake-charger\/","name":"FLAKE CHARGER - Promis.ro","isPartOf":{"@id":"https:\/\/promis.ro\/#website"},"primaryImageOfPage":{"@id":"https:\/\/promis.ro\/product\/flake-charger\/#primaryimage"},"image":{"@id":"https:\/\/promis.ro\/product\/flake-charger\/#primaryimage"},"thumbnailUrl":"https:\/\/promis.ro\/wp-content\/uploads\/2025\/10\/mo9652-06.jpg","datePublished":"2025-10-31T20:43:06+00:00","dateModified":"2025-11-05T13:13:40+00:00","description":"\u00cenc\u0103rc\u0103tor wireless 5W","breadcrumb":{"@id":"https:\/\/promis.ro\/product\/flake-charger\/#breadcrumb"},"inLanguage":"ro-RO","potentialAction":[{"@type":"ReadAction","target":["https:\/\/promis.ro\/product\/flake-charger\/"]}]},{"@type":"ImageObject","inLanguage":"ro-RO","@id":"https:\/\/promis.ro\/product\/flake-charger\/#primaryimage","url":"https:\/\/promis.ro\/wp-content\/uploads\/2025\/10\/mo9652-06.jpg","contentUrl":"https:\/\/promis.ro\/wp-content\/uploads\/2025\/10\/mo9652-06.jpg","width":700,"height":700},{"@type":"BreadcrumbList","@id":"https:\/\/promis.ro\/product\/flake-charger\/#breadcrumb","itemListElement":[{"@type":"ListItem","position":1,"name":"Home","item":"https:\/\/promis.ro\/"},{"@type":"ListItem","position":2,"name":"Magazin","item":"https:\/\/promis.ro\/magazin\/"},{"@type":"ListItem","position":3,"name":"FLAKE CHARGER"}]},{"@type":"WebSite","@id":"https:\/\/promis.ro\/#website","url":"https:\/\/promis.ro\/","name":"Promis.ro","description":"","potentialAction":[{"@type":"SearchAction","target":{"@type":"EntryPoint","urlTemplate":"https:\/\/promis.ro\/?s={search_term_string}"},"query-input":{"@type":"PropertyValueSpecification","valueRequired":true,"valueName":"search_term_string"}}],"inLanguage":"ro-RO"}]}},"_links":{"self":[{"href":"https:\/\/promis.ro\/ro\/wp-json\/wp\/v2\/product\/79270","targetHints":{"allow":["GET"]}}],"collection":[{"href":"https:\/\/promis.ro\/ro\/wp-json\/wp\/v2\/product"}],"about":[{"href":"https:\/\/promis.ro\/ro\/wp-json\/wp\/v2\/types\/product"}],"replies":[{"embeddable":true,"href":"https:\/\/promis.ro\/ro\/wp-json\/wp\/v2\/comments?post=79270"}],"version-history":[{"count":1,"href":"https:\/\/promis.ro\/ro\/wp-json\/wp\/v2\/product\/79270\/revisions"}],"predecessor-version":[{"id":109686,"href":"https:\/\/promis.ro\/ro\/wp-json\/wp\/v2\/product\/79270\/revisions\/109686"}],"wp:featuredmedia":[{"embeddable":true,"href":"https:\/\/promis.ro\/ro\/wp-json\/wp\/v2\/media\/79263"}],"wp:attachment":[{"href":"https:\/\/promis.ro\/ro\/wp-json\/wp\/v2\/media?parent=79270"}],"wp:term":[{"taxonomy":"product_brand","embeddable":true,"href":"https:\/\/promis.ro\/ro\/wp-json\/wp\/v2\/product_brand?post=79270"},{"taxonomy":"product_cat","embeddable":true,"href":"https:\/\/promis.ro\/ro\/wp-json\/wp\/v2\/product_cat?post=79270"},{"taxonomy":"product_tag","embeddable":true,"href":"https:\/\/promis.ro\/ro\/wp-json\/wp\/v2\/product_tag?post=79270"}],"curies":[{"name":"wp","href":"https:\/\/api.w.org\/{rel}","templated":true}]}}