{"id":79474,"date":"2025-10-31T20:45:19","date_gmt":"2025-10-31T20:45:19","guid":{"rendered":"https:\/\/dev.promis.ro\/product\/praga\/"},"modified":"2025-11-05T13:14:34","modified_gmt":"2025-11-05T13:14:34","slug":"praga","status":"publish","type":"product","link":"https:\/\/promis.ro\/ro\/produs\/praga\/","title":{"rendered":"PRAGA"},"content":{"rendered":"<p>Sticl\u0103 din sticl\u0103 cu capac din PP \u0219i bucl\u0103 de transport suspendat\u0103. Capacitate 470 ml. Nu este potrivit\u0103 pentru b\u0103uturi carbogazoase. F\u0103r\u0103 scurgeri.<\/p>","protected":false},"excerpt":{"rendered":"<p>Sticl\u0103 de sticl\u0103 470ml<\/p>","protected":false},"featured_media":79460,"comment_status":"open","ping_status":"closed","template":"","meta":[],"product_brand":[],"product_cat":[172],"product_tag":[],"class_list":{"0":"post-79474","1":"product","2":"type-product","3":"status-publish","4":"has-post-thumbnail","6":"product_cat-cani-borcane-si-thermosuri","8":"first","9":"instock","10":"shipping-taxable","11":"purchasable","12":"product-type-variable"},"_links":{"self":[{"href":"https:\/\/promis.ro\/ro\/wp-json\/wp\/v2\/product\/79474","targetHints":{"allow":["GET"]}}],"collection":[{"href":"https:\/\/promis.ro\/ro\/wp-json\/wp\/v2\/product"}],"about":[{"href":"https:\/\/promis.ro\/ro\/wp-json\/wp\/v2\/types\/product"}],"replies":[{"embeddable":true,"href":"https:\/\/promis.ro\/ro\/wp-json\/wp\/v2\/comments?post=79474"}],"version-history":[{"count":1,"href":"https:\/\/promis.ro\/ro\/wp-json\/wp\/v2\/product\/79474\/revisions"}],"predecessor-version":[{"id":109711,"href":"https:\/\/promis.ro\/ro\/wp-json\/wp\/v2\/product\/79474\/revisions\/109711"}],"wp:featuredmedia":[{"embeddable":true,"href":"https:\/\/promis.ro\/ro\/wp-json\/wp\/v2\/media\/79460"}],"wp:attachment":[{"href":"https:\/\/promis.ro\/ro\/wp-json\/wp\/v2\/media?parent=79474"}],"wp:term":[{"taxonomy":"product_brand","embeddable":true,"href":"https:\/\/promis.ro\/ro\/wp-json\/wp\/v2\/product_brand?post=79474"},{"taxonomy":"product_cat","embeddable":true,"href":"https:\/\/promis.ro\/ro\/wp-json\/wp\/v2\/product_cat?post=79474"},{"taxonomy":"product_tag","embeddable":true,"href":"https:\/\/promis.ro\/ro\/wp-json\/wp\/v2\/product_tag?post=79474"}],"curies":[{"name":"wp","href":"https:\/\/api.w.org\/{rel}","templated":true}]}}