{"id":79492,"date":"2025-10-31T20:45:30","date_gmt":"2025-10-31T20:45:30","guid":{"rendered":"https:\/\/dev.promis.ro\/product\/custos-2\/"},"modified":"2025-11-05T13:14:47","modified_gmt":"2025-11-05T13:14:47","slug":"custos-2","status":"publish","type":"product","link":"https:\/\/promis.ro\/ro\/produs\/custos-2\/","title":{"rendered":"CUSTOS"},"content":{"rendered":"<p>Card RFID Anti-skimming. Prin utilizarea unui c\u00e2mp electromagnetic, acesta face toate cardurile de 13,56 MHz (trenuri, autobuze, carduri bancare sau de credit) sigure \u00eempotriva furtului electronic dintr-o raz\u0103 de 2-3 cm \u00een jurul cardului. (0,9 mm).<\/p>","protected":false},"excerpt":{"rendered":"<p>Card RFID Anti-skimming<\/p>","protected":false},"featured_media":79486,"comment_status":"open","ping_status":"closed","template":"","meta":[],"product_brand":[],"product_cat":[194],"product_tag":[],"class_list":{"0":"post-79492","1":"product","2":"type-product","3":"status-publish","4":"has-post-thumbnail","6":"product_cat-dama","8":"first","9":"instock","10":"shipping-taxable","11":"purchasable","12":"product-type-simple"},"_links":{"self":[{"href":"https:\/\/promis.ro\/ro\/wp-json\/wp\/v2\/product\/79492","targetHints":{"allow":["GET"]}}],"collection":[{"href":"https:\/\/promis.ro\/ro\/wp-json\/wp\/v2\/product"}],"about":[{"href":"https:\/\/promis.ro\/ro\/wp-json\/wp\/v2\/types\/product"}],"replies":[{"embeddable":true,"href":"https:\/\/promis.ro\/ro\/wp-json\/wp\/v2\/comments?post=79492"}],"version-history":[{"count":1,"href":"https:\/\/promis.ro\/ro\/wp-json\/wp\/v2\/product\/79492\/revisions"}],"predecessor-version":[{"id":109717,"href":"https:\/\/promis.ro\/ro\/wp-json\/wp\/v2\/product\/79492\/revisions\/109717"}],"wp:featuredmedia":[{"embeddable":true,"href":"https:\/\/promis.ro\/ro\/wp-json\/wp\/v2\/media\/79486"}],"wp:attachment":[{"href":"https:\/\/promis.ro\/ro\/wp-json\/wp\/v2\/media?parent=79492"}],"wp:term":[{"taxonomy":"product_brand","embeddable":true,"href":"https:\/\/promis.ro\/ro\/wp-json\/wp\/v2\/product_brand?post=79492"},{"taxonomy":"product_cat","embeddable":true,"href":"https:\/\/promis.ro\/ro\/wp-json\/wp\/v2\/product_cat?post=79492"},{"taxonomy":"product_tag","embeddable":true,"href":"https:\/\/promis.ro\/ro\/wp-json\/wp\/v2\/product_tag?post=79492"}],"curies":[{"name":"wp","href":"https:\/\/api.w.org\/{rel}","templated":true}]}}