{"id":88666,"date":"2025-11-04T22:27:24","date_gmt":"2025-11-04T22:27:24","guid":{"rendered":"https:\/\/promis.ro\/product\/ditte\/"},"modified":"2025-11-11T14:32:51","modified_gmt":"2025-11-11T14:32:51","slug":"ditte","status":"publish","type":"product","link":"https:\/\/promis.ro\/ro\/produs\/ditte\/","title":{"rendered":"Ditte"},"content":{"rendered":"<p>Linie Nature, baterie extern\u0103 auxiliar\u0103 cu \u00eenc\u0103rc\u0103tor wireless integrat \u0219i func\u021bie de \u00eenc\u0103rcare rapid\u0103 de 15W. Carcasa este realizat\u0103 dintr-o combina\u021bie de bambus \u0219i PLA &#8211; Acid Polilactic -, ob\u021binut din resurse 100% naturale, cum ar fi amidonul de porumb, yucca sau trestia de zah\u0103r, capabil\u0103 s\u0103 devin\u0103 100% compostabil\u0103 la sf\u00e2r\u0219itul duratei sale de via\u021b\u0103. Capacitate de 8.000 mAh, cu indicator de stare a \u00eenc\u0103rc\u0103rii. Conector dual Type C pentru intrare\/ie\u0219ire, intrare micro USB \u0219i 1 ie\u0219ire USB. Cablu de \u00eenc\u0103rcare micro USB inclus \u0219i compatibil cu dispozitive echipate cu tehnologie de \u00eenc\u0103rcare wireless. Suprafa\u021b\u0103 mare pentru branding \u0219i prezentat \u00eentr-o cutie atractiv\u0103 cu design ecologic. Cu emblem\u0103 PLA pe produs. Capacit\u0103\u021bile afi\u0219ate \u00een toate bateriile noastre externe auxiliare sunt reale, toate \u00eencorpor\u00e2nd baterii de grad A, ne-recycle, cu o durat\u0103 de via\u021b\u0103 de cel pu\u021bin 500 de cicluri de \u00eenc\u0103rcare \u0219i respect\u00e2nd reglement\u0103rile CE. \u00cen plus, sunt fabricate conform standardelor RoHS \u0219i \u00een conformitate cu urm\u0103toarele cerin\u021be de siguran\u021b\u0103: sistem de protec\u021bie \u00eempotriva supra\u00eenc\u0103rc\u0103rii bateriei externe. Sistem complet de protec\u021bie \u00eempotriva desc\u0103rc\u0103rii, care cre\u0219te durabilitatea bateriei externe. Sistem de blocare pentru a preveni scurtcircuitele. Sistem constant de transfer al \u00eenc\u0103rc\u0103rii, conform capacit\u0103\u021bii dispozitivului \u021bint\u0103.<\/p>","protected":false},"excerpt":{"rendered":"<p>Linie Nature, baterie extern\u0103 auxiliar\u0103 cu \u00eenc\u0103rc\u0103tor wireless integrat \u0219i func\u021bie de \u00eenc\u0103rcare rapid\u0103 de 15W. Carcasa este realizat\u0103 dintr-o<\/p>","protected":false},"featured_media":120683,"comment_status":"open","ping_status":"closed","template":"","meta":[],"product_brand":[],"product_cat":[170],"product_tag":[],"class_list":{"0":"post-88666","1":"product","2":"type-product","3":"status-publish","4":"has-post-thumbnail","6":"product_cat-tehnologie-si-accesorii","8":"first","9":"instock","10":"shipping-taxable","11":"purchasable","12":"product-type-simple"},"_links":{"self":[{"href":"https:\/\/promis.ro\/ro\/wp-json\/wp\/v2\/product\/88666","targetHints":{"allow":["GET"]}}],"collection":[{"href":"https:\/\/promis.ro\/ro\/wp-json\/wp\/v2\/product"}],"about":[{"href":"https:\/\/promis.ro\/ro\/wp-json\/wp\/v2\/types\/product"}],"replies":[{"embeddable":true,"href":"https:\/\/promis.ro\/ro\/wp-json\/wp\/v2\/comments?post=88666"}],"version-history":[{"count":1,"href":"https:\/\/promis.ro\/ro\/wp-json\/wp\/v2\/product\/88666\/revisions"}],"predecessor-version":[{"id":110162,"href":"https:\/\/promis.ro\/ro\/wp-json\/wp\/v2\/product\/88666\/revisions\/110162"}],"wp:featuredmedia":[{"embeddable":true,"href":"https:\/\/promis.ro\/ro\/wp-json\/wp\/v2\/media\/120683"}],"wp:attachment":[{"href":"https:\/\/promis.ro\/ro\/wp-json\/wp\/v2\/media?parent=88666"}],"wp:term":[{"taxonomy":"product_brand","embeddable":true,"href":"https:\/\/promis.ro\/ro\/wp-json\/wp\/v2\/product_brand?post=88666"},{"taxonomy":"product_cat","embeddable":true,"href":"https:\/\/promis.ro\/ro\/wp-json\/wp\/v2\/product_cat?post=88666"},{"taxonomy":"product_tag","embeddable":true,"href":"https:\/\/promis.ro\/ro\/wp-json\/wp\/v2\/product_tag?post=88666"}],"curies":[{"name":"wp","href":"https:\/\/api.w.org\/{rel}","templated":true}]}}