{"id":88667,"date":"2025-11-04T22:27:24","date_gmt":"2025-11-04T22:27:24","guid":{"rendered":"https:\/\/promis.ro\/product\/noopy\/"},"modified":"2025-11-11T12:44:30","modified_gmt":"2025-11-11T12:44:30","slug":"noopy","status":"publish","type":"product","link":"https:\/\/promis.ro\/ro\/produs\/noopy\/","title":{"rendered":"Noopy"},"content":{"rendered":"<pre>\nLinie Nature, \u00eenc\u0103rc\u0103tor magnetic wireless cu func\u021bie de suport pentru telefon mobil. \u00cenc\u0103rc\u0103tor wireless realizat din bambus \u0219i carcas\u0103 din PLA - Acid Polilactic -, care este ob\u021binut din resurse 100% naturale, cum ar fi amidonul de porumb, yucca sau trestia de zah\u0103r, capabil s\u0103 devin\u0103 100% compostabil la sf\u00e2r\u0219itul duratei sale de via\u021b\u0103. Cu func\u021bie de \u00eenc\u0103rcare rapid\u0103 de 10W \u0219i compatibil cu dispozitive echipate cu tehnologie de \u00eenc\u0103rcare wireless. Inclusiv inel metalic adeziv \u0219i cablu de conexiune USB de 100 cm. Suprafa\u021b\u0103 mare pentru branding \u0219i prezentat \u00eentr-o cutie atractiv\u0103 cu design ecologic. Emblema PLA pe articol.\n<\/pre>","protected":false},"excerpt":{"rendered":"<p>Linie Nature, \u00eenc\u0103rc\u0103tor magnetic wireless cu func\u021bie de suport pentru telefon mobil. \u00cenc\u0103rc\u0103tor wireless realizat din bambus \u0219i carcas\u0103 din<\/p>","protected":false},"featured_media":120688,"comment_status":"open","ping_status":"closed","template":"","meta":[],"product_brand":[],"product_cat":[170],"product_tag":[],"class_list":{"0":"post-88667","1":"product","2":"type-product","3":"status-publish","4":"has-post-thumbnail","6":"product_cat-tehnologie-si-accesorii","8":"first","9":"instock","10":"shipping-taxable","11":"purchasable","12":"product-type-simple"},"_links":{"self":[{"href":"https:\/\/promis.ro\/ro\/wp-json\/wp\/v2\/product\/88667","targetHints":{"allow":["GET"]}}],"collection":[{"href":"https:\/\/promis.ro\/ro\/wp-json\/wp\/v2\/product"}],"about":[{"href":"https:\/\/promis.ro\/ro\/wp-json\/wp\/v2\/types\/product"}],"replies":[{"embeddable":true,"href":"https:\/\/promis.ro\/ro\/wp-json\/wp\/v2\/comments?post=88667"}],"version-history":[{"count":1,"href":"https:\/\/promis.ro\/ro\/wp-json\/wp\/v2\/product\/88667\/revisions"}],"predecessor-version":[{"id":110131,"href":"https:\/\/promis.ro\/ro\/wp-json\/wp\/v2\/product\/88667\/revisions\/110131"}],"wp:featuredmedia":[{"embeddable":true,"href":"https:\/\/promis.ro\/ro\/wp-json\/wp\/v2\/media\/120688"}],"wp:attachment":[{"href":"https:\/\/promis.ro\/ro\/wp-json\/wp\/v2\/media?parent=88667"}],"wp:term":[{"taxonomy":"product_brand","embeddable":true,"href":"https:\/\/promis.ro\/ro\/wp-json\/wp\/v2\/product_brand?post=88667"},{"taxonomy":"product_cat","embeddable":true,"href":"https:\/\/promis.ro\/ro\/wp-json\/wp\/v2\/product_cat?post=88667"},{"taxonomy":"product_tag","embeddable":true,"href":"https:\/\/promis.ro\/ro\/wp-json\/wp\/v2\/product_tag?post=88667"}],"curies":[{"name":"wp","href":"https:\/\/api.w.org\/{rel}","templated":true}]}}