{"id":88670,"date":"2025-11-04T22:27:25","date_gmt":"2025-11-04T22:27:25","guid":{"rendered":"https:\/\/promis.ro\/product\/fiory\/"},"modified":"2025-11-11T14:32:51","modified_gmt":"2025-11-11T14:32:51","slug":"fiory","status":"publish","type":"product","link":"https:\/\/promis.ro\/ro\/produs\/fiory\/","title":{"rendered":"Fiory"},"content":{"rendered":"<p>Sta\u021bie meteorologic\u0103 Nature line cu \u00eenc\u0103rc\u0103tor wireless integrat de 10W. Fabricat\u0103 din bambus lustruit, cu func\u021bii de termometru \u0219i higrometru. Inclus cablu de \u00eenc\u0103rcare Micro USB de 1m \u0219i compatibil\u0103 cu dispozitive echipate cu tehnologie de \u00eenc\u0103rcare wireless. Ceas cu alimentare prin baterii (baterie tip buton inclus\u0103) \u0219i prezentat\u0103 \u00eentr-o cutie atractiv\u0103 cu design ecologic. Manual de instruc\u021biuni disponibil \u00een englez\u0103 \u0219i spaniol\u0103.<\/p>","protected":false},"excerpt":{"rendered":"<p>Sta\u021bie meteorologic\u0103 Nature line cu \u00eenc\u0103rc\u0103tor wireless integrat de 10W. Fabricat\u0103 din bambus lustruit, cu func\u021bii de termometru \u0219i higrometru.<\/p>","protected":false},"featured_media":120703,"comment_status":"open","ping_status":"closed","template":"","meta":[],"product_brand":[],"product_cat":[171],"product_tag":[],"class_list":{"0":"post-88670","1":"product","2":"type-product","3":"status-publish","4":"has-post-thumbnail","6":"product_cat-birou-si-business","8":"first","9":"instock","10":"shipping-taxable","11":"purchasable","12":"product-type-simple"},"_links":{"self":[{"href":"https:\/\/promis.ro\/ro\/wp-json\/wp\/v2\/product\/88670","targetHints":{"allow":["GET"]}}],"collection":[{"href":"https:\/\/promis.ro\/ro\/wp-json\/wp\/v2\/product"}],"about":[{"href":"https:\/\/promis.ro\/ro\/wp-json\/wp\/v2\/types\/product"}],"replies":[{"embeddable":true,"href":"https:\/\/promis.ro\/ro\/wp-json\/wp\/v2\/comments?post=88670"}],"version-history":[{"count":1,"href":"https:\/\/promis.ro\/ro\/wp-json\/wp\/v2\/product\/88670\/revisions"}],"predecessor-version":[{"id":110118,"href":"https:\/\/promis.ro\/ro\/wp-json\/wp\/v2\/product\/88670\/revisions\/110118"}],"wp:featuredmedia":[{"embeddable":true,"href":"https:\/\/promis.ro\/ro\/wp-json\/wp\/v2\/media\/120703"}],"wp:attachment":[{"href":"https:\/\/promis.ro\/ro\/wp-json\/wp\/v2\/media?parent=88670"}],"wp:term":[{"taxonomy":"product_brand","embeddable":true,"href":"https:\/\/promis.ro\/ro\/wp-json\/wp\/v2\/product_brand?post=88670"},{"taxonomy":"product_cat","embeddable":true,"href":"https:\/\/promis.ro\/ro\/wp-json\/wp\/v2\/product_cat?post=88670"},{"taxonomy":"product_tag","embeddable":true,"href":"https:\/\/promis.ro\/ro\/wp-json\/wp\/v2\/product_tag?post=88670"}],"curies":[{"name":"wp","href":"https:\/\/api.w.org\/{rel}","templated":true}]}}