{"id":88702,"date":"2025-11-04T22:27:40","date_gmt":"2025-11-04T22:27:40","guid":{"rendered":"https:\/\/promis.ro\/product\/fontana\/"},"modified":"2025-11-11T14:32:54","modified_gmt":"2025-11-11T14:32:54","slug":"fontana","status":"publish","type":"product","link":"https:\/\/promis.ro\/ro\/produs\/fontana\/","title":{"rendered":"Fontana"},"content":{"rendered":"<p>Cutie de bijuterii din linia Nature, fabricat\u0103 din bambus. Cu 4 compartimente interioare, capac cu m\u00e2ner din PU \u0219i 1X oglind\u0103 cu diametru de 6cm integrat\u0103 \u00een capac. Cu film de protec\u021bie \u0219i prezentat\u0103 \u00eentr-o cutie individual\u0103, ecologic conceput\u0103.<\/p>","protected":false},"excerpt":{"rendered":"<p>Cutie de bijuterii din linia Nature, fabricat\u0103 din bambus. Cu 4 compartimente interioare, capac cu m\u00e2ner din PU \u0219i 1X<\/p>","protected":false},"featured_media":120857,"comment_status":"open","ping_status":"closed","template":"","meta":[],"product_brand":[],"product_cat":[197],"product_tag":[],"class_list":{"0":"post-88702","1":"product","2":"type-product","3":"status-publish","4":"has-post-thumbnail","6":"product_cat-articole-durabile","8":"first","9":"instock","10":"shipping-taxable","11":"purchasable","12":"product-type-simple"},"_links":{"self":[{"href":"https:\/\/promis.ro\/ro\/wp-json\/wp\/v2\/product\/88702","targetHints":{"allow":["GET"]}}],"collection":[{"href":"https:\/\/promis.ro\/ro\/wp-json\/wp\/v2\/product"}],"about":[{"href":"https:\/\/promis.ro\/ro\/wp-json\/wp\/v2\/types\/product"}],"replies":[{"embeddable":true,"href":"https:\/\/promis.ro\/ro\/wp-json\/wp\/v2\/comments?post=88702"}],"version-history":[{"count":1,"href":"https:\/\/promis.ro\/ro\/wp-json\/wp\/v2\/product\/88702\/revisions"}],"predecessor-version":[{"id":110149,"href":"https:\/\/promis.ro\/ro\/wp-json\/wp\/v2\/product\/88702\/revisions\/110149"}],"wp:featuredmedia":[{"embeddable":true,"href":"https:\/\/promis.ro\/ro\/wp-json\/wp\/v2\/media\/120857"}],"wp:attachment":[{"href":"https:\/\/promis.ro\/ro\/wp-json\/wp\/v2\/media?parent=88702"}],"wp:term":[{"taxonomy":"product_brand","embeddable":true,"href":"https:\/\/promis.ro\/ro\/wp-json\/wp\/v2\/product_brand?post=88702"},{"taxonomy":"product_cat","embeddable":true,"href":"https:\/\/promis.ro\/ro\/wp-json\/wp\/v2\/product_cat?post=88702"},{"taxonomy":"product_tag","embeddable":true,"href":"https:\/\/promis.ro\/ro\/wp-json\/wp\/v2\/product_tag?post=88702"}],"curies":[{"name":"wp","href":"https:\/\/api.w.org\/{rel}","templated":true}]}}