{"id":88844,"date":"2025-11-04T22:28:53","date_gmt":"2025-11-04T22:28:53","guid":{"rendered":"https:\/\/promis.ro\/product\/jandro\/"},"modified":"2025-11-11T14:38:12","modified_gmt":"2025-11-11T14:38:12","slug":"jandro","status":"publish","type":"product","link":"https:\/\/promis.ro\/ro\/produs\/jandro\/","title":{"rendered":"Jandro"},"content":{"rendered":"<p>Vesta impermeabil\u0103, rezistent\u0103 la v\u00e2nt \u0219i respirabil\u0103, realizat\u0103 dintr-o combina\u021bie de materiale RPET, fabricate din plastic reciclat, pentru a promova reutilizarea de\u0219eurilor plastice \u0219i a contribui la sustenabilitatea planetei: 300g\/m2 soft shell \u0219i elastan la exterior, cu microfleece 100% poliester la interior. Emblema eco pe marginea de jos a \u00eembr\u0103c\u0103mintei. Cu \u00eenchidere cu fermoar \u0219i include buzunare pentru piept \u0219i laterale cu \u00eenchidere cu fermoar invizibil \u0219i cu m\u00e2nere asortate. Disponibil\u0103 \u00eentr-o gam\u0103 larg\u0103 de culori \u0219i \u00een m\u0103rimile S, M, L, XL, XXL.<\/p>","protected":false},"excerpt":{"rendered":"<p>Vesta impermeabil\u0103, rezistent\u0103 la v\u00e2nt \u0219i respirabil\u0103, realizat\u0103 dintr-o combina\u021bie de materiale RPET, fabricate din plastic reciclat, pentru a promova<\/p>","protected":false},"featured_media":124386,"comment_status":"open","ping_status":"closed","template":"","meta":[],"product_brand":[],"product_cat":[191],"product_tag":[],"class_list":{"0":"post-88844","1":"product","2":"type-product","3":"status-publish","4":"has-post-thumbnail","6":"product_cat-textile","8":"first","9":"instock","10":"shipping-taxable","11":"purchasable","12":"product-type-variable"},"_links":{"self":[{"href":"https:\/\/promis.ro\/ro\/wp-json\/wp\/v2\/product\/88844","targetHints":{"allow":["GET"]}}],"collection":[{"href":"https:\/\/promis.ro\/ro\/wp-json\/wp\/v2\/product"}],"about":[{"href":"https:\/\/promis.ro\/ro\/wp-json\/wp\/v2\/types\/product"}],"replies":[{"embeddable":true,"href":"https:\/\/promis.ro\/ro\/wp-json\/wp\/v2\/comments?post=88844"}],"version-history":[{"count":1,"href":"https:\/\/promis.ro\/ro\/wp-json\/wp\/v2\/product\/88844\/revisions"}],"predecessor-version":[{"id":110216,"href":"https:\/\/promis.ro\/ro\/wp-json\/wp\/v2\/product\/88844\/revisions\/110216"}],"wp:featuredmedia":[{"embeddable":true,"href":"https:\/\/promis.ro\/ro\/wp-json\/wp\/v2\/media\/124386"}],"wp:attachment":[{"href":"https:\/\/promis.ro\/ro\/wp-json\/wp\/v2\/media?parent=88844"}],"wp:term":[{"taxonomy":"product_brand","embeddable":true,"href":"https:\/\/promis.ro\/ro\/wp-json\/wp\/v2\/product_brand?post=88844"},{"taxonomy":"product_cat","embeddable":true,"href":"https:\/\/promis.ro\/ro\/wp-json\/wp\/v2\/product_cat?post=88844"},{"taxonomy":"product_tag","embeddable":true,"href":"https:\/\/promis.ro\/ro\/wp-json\/wp\/v2\/product_tag?post=88844"}],"curies":[{"name":"wp","href":"https:\/\/api.w.org\/{rel}","templated":true}]}}