{"id":88847,"date":"2025-11-04T22:28:54","date_gmt":"2025-11-04T22:28:54","guid":{"rendered":"https:\/\/promis.ro\/product\/fredox\/"},"modified":"2025-11-11T14:36:01","modified_gmt":"2025-11-11T14:36:01","slug":"fredox","status":"publish","type":"product","link":"https:\/\/promis.ro\/ro\/produs\/fredox\/","title":{"rendered":"Fredox"},"content":{"rendered":"<p>Cutie de prezentare de dimensiuni XL. Fabricat\u0103 din carton ondulat cu un finisaj kraft. \u00cen conformitate cu tendin\u021ba de pe pia\u021b\u0103 c\u0103tre sustenabilitatea cadourilor, oferind solu\u021bii pentru a ajuta la \u00eembun\u0103t\u0103\u021birea \u0219i conservarea planetei noastre.<\/p>","protected":false},"excerpt":{"rendered":"<p>Cutie de prezentare de dimensiuni XL. Fabricat\u0103 din carton ondulat cu un finisaj kraft. \u00cen conformitate cu tendin\u021ba de pe<\/p>","protected":false},"featured_media":124400,"comment_status":"open","ping_status":"closed","template":"","meta":[],"product_brand":[],"product_cat":[197],"product_tag":[],"class_list":{"0":"post-88847","1":"product","2":"type-product","3":"status-publish","4":"has-post-thumbnail","6":"product_cat-articole-durabile","8":"first","9":"instock","10":"shipping-taxable","11":"purchasable","12":"product-type-simple"},"_links":{"self":[{"href":"https:\/\/promis.ro\/ro\/wp-json\/wp\/v2\/product\/88847","targetHints":{"allow":["GET"]}}],"collection":[{"href":"https:\/\/promis.ro\/ro\/wp-json\/wp\/v2\/product"}],"about":[{"href":"https:\/\/promis.ro\/ro\/wp-json\/wp\/v2\/types\/product"}],"replies":[{"embeddable":true,"href":"https:\/\/promis.ro\/ro\/wp-json\/wp\/v2\/comments?post=88847"}],"version-history":[{"count":1,"href":"https:\/\/promis.ro\/ro\/wp-json\/wp\/v2\/product\/88847\/revisions"}],"predecessor-version":[{"id":110205,"href":"https:\/\/promis.ro\/ro\/wp-json\/wp\/v2\/product\/88847\/revisions\/110205"}],"wp:featuredmedia":[{"embeddable":true,"href":"https:\/\/promis.ro\/ro\/wp-json\/wp\/v2\/media\/124400"}],"wp:attachment":[{"href":"https:\/\/promis.ro\/ro\/wp-json\/wp\/v2\/media?parent=88847"}],"wp:term":[{"taxonomy":"product_brand","embeddable":true,"href":"https:\/\/promis.ro\/ro\/wp-json\/wp\/v2\/product_brand?post=88847"},{"taxonomy":"product_cat","embeddable":true,"href":"https:\/\/promis.ro\/ro\/wp-json\/wp\/v2\/product_cat?post=88847"},{"taxonomy":"product_tag","embeddable":true,"href":"https:\/\/promis.ro\/ro\/wp-json\/wp\/v2\/product_tag?post=88847"}],"curies":[{"name":"wp","href":"https:\/\/api.w.org\/{rel}","templated":true}]}}