{"id":88849,"date":"2025-11-04T22:28:55","date_gmt":"2025-11-04T22:28:55","guid":{"rendered":"https:\/\/promis.ro\/product\/canlia\/"},"modified":"2025-11-11T14:36:12","modified_gmt":"2025-11-11T14:36:12","slug":"canlia","status":"publish","type":"product","link":"https:\/\/promis.ro\/ro\/produs\/canlia\/","title":{"rendered":"Canlia"},"content":{"rendered":"<p>Eticheta din carton reciclat. Finisaj Kraft, cu sfoar\u0103 elastic\u0103 pentru ag\u0103\u021bare \u00een culoare maro asortat\u0103. \u00cen conformitate cu tendin\u021ba de pe pia\u021b\u0103 c\u0103tre sustenabilitatea integral\u0103 a cadourilor, oferind solu\u021bii de origine reciclat\u0103, menite s\u0103 sprijine \u00eembun\u0103t\u0103\u021birea \u0219i conservarea planetei noastre.<\/p>","protected":false},"excerpt":{"rendered":"<p>Eticheta din carton reciclat. Finisaj Kraft, cu sfoar\u0103 elastic\u0103 pentru ag\u0103\u021bare \u00een culoare maro asortat\u0103. \u00cen conformitate cu tendin\u021ba de<\/p>","protected":false},"featured_media":124410,"comment_status":"open","ping_status":"closed","template":"","meta":[],"product_brand":[],"product_cat":[197],"product_tag":[],"class_list":{"0":"post-88849","1":"product","2":"type-product","3":"status-publish","4":"has-post-thumbnail","6":"product_cat-articole-durabile","8":"first","9":"instock","10":"shipping-taxable","11":"purchasable","12":"product-type-simple"},"_links":{"self":[{"href":"https:\/\/promis.ro\/ro\/wp-json\/wp\/v2\/product\/88849","targetHints":{"allow":["GET"]}}],"collection":[{"href":"https:\/\/promis.ro\/ro\/wp-json\/wp\/v2\/product"}],"about":[{"href":"https:\/\/promis.ro\/ro\/wp-json\/wp\/v2\/types\/product"}],"replies":[{"embeddable":true,"href":"https:\/\/promis.ro\/ro\/wp-json\/wp\/v2\/comments?post=88849"}],"version-history":[{"count":1,"href":"https:\/\/promis.ro\/ro\/wp-json\/wp\/v2\/product\/88849\/revisions"}],"predecessor-version":[{"id":110214,"href":"https:\/\/promis.ro\/ro\/wp-json\/wp\/v2\/product\/88849\/revisions\/110214"}],"wp:featuredmedia":[{"embeddable":true,"href":"https:\/\/promis.ro\/ro\/wp-json\/wp\/v2\/media\/124410"}],"wp:attachment":[{"href":"https:\/\/promis.ro\/ro\/wp-json\/wp\/v2\/media?parent=88849"}],"wp:term":[{"taxonomy":"product_brand","embeddable":true,"href":"https:\/\/promis.ro\/ro\/wp-json\/wp\/v2\/product_brand?post=88849"},{"taxonomy":"product_cat","embeddable":true,"href":"https:\/\/promis.ro\/ro\/wp-json\/wp\/v2\/product_cat?post=88849"},{"taxonomy":"product_tag","embeddable":true,"href":"https:\/\/promis.ro\/ro\/wp-json\/wp\/v2\/product_tag?post=88849"}],"curies":[{"name":"wp","href":"https:\/\/api.w.org\/{rel}","templated":true}]}}