{"id":88850,"date":"2025-11-04T22:28:55","date_gmt":"2025-11-04T22:28:55","guid":{"rendered":"https:\/\/promis.ro\/product\/kotix\/"},"modified":"2025-11-11T14:36:16","modified_gmt":"2025-11-11T14:36:16","slug":"kotix","status":"publish","type":"product","link":"https:\/\/promis.ro\/ro\/produs\/kotix\/","title":{"rendered":"Kotix"},"content":{"rendered":"<p>Card realizat din carton reciclat \u0219i finisaj kraft. \u00cen conformitate cu tendin\u021ba de pe pia\u021b\u0103 c\u0103tre sustenabilitatea integral\u0103 a cadourilor, oferind solu\u021bii de origine reciclat\u0103, menite s\u0103 sprijine \u00eembun\u0103t\u0103\u021birea \u0219i conservarea planetei noastre.<\/p>","protected":false},"excerpt":{"rendered":"<p>Card realizat din carton reciclat \u0219i finisaj kraft. \u00cen conformitate cu tendin\u021ba de pe pia\u021b\u0103 c\u0103tre sustenabilitatea integral\u0103 a cadourilor,<\/p>","protected":false},"featured_media":124415,"comment_status":"open","ping_status":"closed","template":"","meta":[],"product_brand":[],"product_cat":[197],"product_tag":[],"class_list":{"0":"post-88850","1":"product","2":"type-product","3":"status-publish","4":"has-post-thumbnail","6":"product_cat-articole-durabile","8":"first","9":"instock","10":"shipping-taxable","11":"purchasable","12":"product-type-simple"},"_links":{"self":[{"href":"https:\/\/promis.ro\/ro\/wp-json\/wp\/v2\/product\/88850","targetHints":{"allow":["GET"]}}],"collection":[{"href":"https:\/\/promis.ro\/ro\/wp-json\/wp\/v2\/product"}],"about":[{"href":"https:\/\/promis.ro\/ro\/wp-json\/wp\/v2\/types\/product"}],"replies":[{"embeddable":true,"href":"https:\/\/promis.ro\/ro\/wp-json\/wp\/v2\/comments?post=88850"}],"version-history":[{"count":1,"href":"https:\/\/promis.ro\/ro\/wp-json\/wp\/v2\/product\/88850\/revisions"}],"predecessor-version":[{"id":110210,"href":"https:\/\/promis.ro\/ro\/wp-json\/wp\/v2\/product\/88850\/revisions\/110210"}],"wp:featuredmedia":[{"embeddable":true,"href":"https:\/\/promis.ro\/ro\/wp-json\/wp\/v2\/media\/124415"}],"wp:attachment":[{"href":"https:\/\/promis.ro\/ro\/wp-json\/wp\/v2\/media?parent=88850"}],"wp:term":[{"taxonomy":"product_brand","embeddable":true,"href":"https:\/\/promis.ro\/ro\/wp-json\/wp\/v2\/product_brand?post=88850"},{"taxonomy":"product_cat","embeddable":true,"href":"https:\/\/promis.ro\/ro\/wp-json\/wp\/v2\/product_cat?post=88850"},{"taxonomy":"product_tag","embeddable":true,"href":"https:\/\/promis.ro\/ro\/wp-json\/wp\/v2\/product_tag?post=88850"}],"curies":[{"name":"wp","href":"https:\/\/api.w.org\/{rel}","templated":true}]}}