{"id":88853,"date":"2025-11-04T22:28:56","date_gmt":"2025-11-04T22:28:56","guid":{"rendered":"https:\/\/promis.ro\/product\/handru\/"},"modified":"2025-11-11T14:36:29","modified_gmt":"2025-11-11T14:36:29","slug":"handru","status":"publish","type":"product","link":"https:\/\/promis.ro\/ro\/produs\/handru\/","title":{"rendered":"Handru"},"content":{"rendered":"<p>Cutie de prezentare de dimensiune medie, fabricat\u0103 din carton reciclat cu finisaj kraft. \u00cen conformitate cu tendin\u021ba de pe pia\u021b\u0103 c\u0103tre sustenabilitatea integral\u0103 a cadourilor, oferind solu\u021bii de origine reciclat\u0103, destinate sus\u021binerii \u00eembun\u0103t\u0103\u021birii \u0219i conserv\u0103rii planetei noastre.<\/p>","protected":false},"excerpt":{"rendered":"<p>Cutie de prezentare de dimensiune medie, fabricat\u0103 din carton reciclat cu finisaj kraft. \u00cen conformitate cu tendin\u021ba de pe pia\u021b\u0103<\/p>","protected":false},"featured_media":124430,"comment_status":"open","ping_status":"closed","template":"","meta":[],"product_brand":[],"product_cat":[197],"product_tag":[],"class_list":{"0":"post-88853","1":"product","2":"type-product","3":"status-publish","4":"has-post-thumbnail","6":"product_cat-articole-durabile","8":"first","9":"instock","10":"shipping-taxable","11":"purchasable","12":"product-type-simple"},"_links":{"self":[{"href":"https:\/\/promis.ro\/ro\/wp-json\/wp\/v2\/product\/88853","targetHints":{"allow":["GET"]}}],"collection":[{"href":"https:\/\/promis.ro\/ro\/wp-json\/wp\/v2\/product"}],"about":[{"href":"https:\/\/promis.ro\/ro\/wp-json\/wp\/v2\/types\/product"}],"replies":[{"embeddable":true,"href":"https:\/\/promis.ro\/ro\/wp-json\/wp\/v2\/comments?post=88853"}],"version-history":[{"count":1,"href":"https:\/\/promis.ro\/ro\/wp-json\/wp\/v2\/product\/88853\/revisions"}],"predecessor-version":[{"id":110212,"href":"https:\/\/promis.ro\/ro\/wp-json\/wp\/v2\/product\/88853\/revisions\/110212"}],"wp:featuredmedia":[{"embeddable":true,"href":"https:\/\/promis.ro\/ro\/wp-json\/wp\/v2\/media\/124430"}],"wp:attachment":[{"href":"https:\/\/promis.ro\/ro\/wp-json\/wp\/v2\/media?parent=88853"}],"wp:term":[{"taxonomy":"product_brand","embeddable":true,"href":"https:\/\/promis.ro\/ro\/wp-json\/wp\/v2\/product_brand?post=88853"},{"taxonomy":"product_cat","embeddable":true,"href":"https:\/\/promis.ro\/ro\/wp-json\/wp\/v2\/product_cat?post=88853"},{"taxonomy":"product_tag","embeddable":true,"href":"https:\/\/promis.ro\/ro\/wp-json\/wp\/v2\/product_tag?post=88853"}],"curies":[{"name":"wp","href":"https:\/\/api.w.org\/{rel}","templated":true}]}}