{"id":88857,"date":"2025-11-04T22:28:58","date_gmt":"2025-11-04T22:28:58","guid":{"rendered":"https:\/\/promis.ro\/product\/iconic-v-neck-2\/"},"modified":"2025-11-11T14:38:48","modified_gmt":"2025-11-11T14:38:48","slug":"iconic-v-neck-2","status":"publish","type":"product","link":"https:\/\/promis.ro\/ro\/produs\/iconic-v-neck-2\/","title":{"rendered":"Iconic V-Neck"},"content":{"rendered":"<p>C\u0103ma\u0219\u0103 alb\u0103 pentru femei Iconic V-Neck de la Fruit Of The Loom. Fabricat\u0103 din 100% bumbac periat Ring Spun 140g\/m2. Tactil moale \u0219i croial\u0103 slim, cu cus\u0103turi laterale concepute pentru o potrivire perfect\u0103. Guler V \u00eengust 1&#215;1 \u0219i plachet\u0103 asortat\u0103. Etichet\u0103 u\u0219or de \u00eendep\u0103rtat \u0219i disponibil\u0103 \u00een m\u0103rimile XS, S, M, L, XL, XXL.<\/p>","protected":false},"excerpt":{"rendered":"<p>C\u0103ma\u0219\u0103 alb\u0103 pentru femei Iconic V-Neck de la Fruit Of The Loom. Fabricat\u0103 din 100% bumbac periat Ring Spun 140g\/m2.<\/p>","protected":false},"featured_media":124446,"comment_status":"open","ping_status":"closed","template":"","meta":[],"product_brand":[],"product_cat":[191],"product_tag":[],"class_list":{"0":"post-88857","1":"product","2":"type-product","3":"status-publish","4":"has-post-thumbnail","6":"product_cat-textile","8":"first","9":"instock","10":"shipping-taxable","11":"purchasable","12":"product-type-variable"},"_links":{"self":[{"href":"https:\/\/promis.ro\/ro\/wp-json\/wp\/v2\/product\/88857","targetHints":{"allow":["GET"]}}],"collection":[{"href":"https:\/\/promis.ro\/ro\/wp-json\/wp\/v2\/product"}],"about":[{"href":"https:\/\/promis.ro\/ro\/wp-json\/wp\/v2\/types\/product"}],"replies":[{"embeddable":true,"href":"https:\/\/promis.ro\/ro\/wp-json\/wp\/v2\/comments?post=88857"}],"version-history":[{"count":2,"href":"https:\/\/promis.ro\/ro\/wp-json\/wp\/v2\/product\/88857\/revisions"}],"predecessor-version":[{"id":110220,"href":"https:\/\/promis.ro\/ro\/wp-json\/wp\/v2\/product\/88857\/revisions\/110220"}],"wp:featuredmedia":[{"embeddable":true,"href":"https:\/\/promis.ro\/ro\/wp-json\/wp\/v2\/media\/124446"}],"wp:attachment":[{"href":"https:\/\/promis.ro\/ro\/wp-json\/wp\/v2\/media?parent=88857"}],"wp:term":[{"taxonomy":"product_brand","embeddable":true,"href":"https:\/\/promis.ro\/ro\/wp-json\/wp\/v2\/product_brand?post=88857"},{"taxonomy":"product_cat","embeddable":true,"href":"https:\/\/promis.ro\/ro\/wp-json\/wp\/v2\/product_cat?post=88857"},{"taxonomy":"product_tag","embeddable":true,"href":"https:\/\/promis.ro\/ro\/wp-json\/wp\/v2\/product_tag?post=88857"}],"curies":[{"name":"wp","href":"https:\/\/api.w.org\/{rel}","templated":true}]}}